{"id":685,"date":"2017-02-23T10:09:39","date_gmt":"2017-02-23T09:09:39","guid":{"rendered":"http:\/\/francoiserenaud.com\/vo\/?page_id=685"},"modified":"2018-05-12T11:35:41","modified_gmt":"2018-05-12T09:35:41","slug":"contact","status":"publish","type":"page","link":"https:\/\/francoiserenaud.com\/vo\/contact\/","title":{"rendered":"contact"},"content":{"rendered":"<p>INFORMATIONS &amp; DEVIS<\/p>\n<p><strong>contact<\/strong> : fr(at)@francoiserenaud.com<strong><br \/>\nFr\u00e9d\u00e9ric Tari : 06 08 78 89 90<br \/>\nFran\u00e7oise Renaud : 09 84 39 64 26<\/strong><\/p>\n","protected":false},"excerpt":{"rendered":"<p>INFORMATIONS &amp; DEVIS contact : fr(at)@francoiserenaud.com Fr\u00e9d\u00e9ric Tari : 06 08 78 89 90 Fran\u00e7oise Renaud : 09 84 39 64 26<\/p>\n","protected":false},"author":1,"featured_media":0,"parent":0,"menu_order":0,"comment_status":"closed","ping_status":"closed","template":"","meta":{"footnotes":""},"class_list":["post-685","page","type-page","status-publish","hentry"],"_links":{"self":[{"href":"https:\/\/francoiserenaud.com\/vo\/wp-json\/wp\/v2\/pages\/685","targetHints":{"allow":["GET"]}}],"collection":[{"href":"https:\/\/francoiserenaud.com\/vo\/wp-json\/wp\/v2\/pages"}],"about":[{"href":"https:\/\/francoiserenaud.com\/vo\/wp-json\/wp\/v2\/types\/page"}],"author":[{"embeddable":true,"href":"https:\/\/francoiserenaud.com\/vo\/wp-json\/wp\/v2\/users\/1"}],"replies":[{"embeddable":true,"href":"https:\/\/francoiserenaud.com\/vo\/wp-json\/wp\/v2\/comments?post=685"}],"version-history":[{"count":2,"href":"https:\/\/francoiserenaud.com\/vo\/wp-json\/wp\/v2\/pages\/685\/revisions"}],"predecessor-version":[{"id":710,"href":"https:\/\/francoiserenaud.com\/vo\/wp-json\/wp\/v2\/pages\/685\/revisions\/710"}],"wp:attachment":[{"href":"https:\/\/francoiserenaud.com\/vo\/wp-json\/wp\/v2\/media?parent=685"}],"curies":[{"name":"wp","href":"https:\/\/api.w.org\/{rel}","templated":true}]}}