{"id":582,"date":"2015-11-27T12:05:07","date_gmt":"2015-11-27T11:05:07","guid":{"rendered":"http:\/\/francoiserenaud.com\/vo\/?page_id=582"},"modified":"2022-05-23T14:31:09","modified_gmt":"2022-05-23T12:31:09","slug":"photos-assis-sur-la-falaise","status":"publish","type":"page","link":"https:\/\/francoiserenaud.com\/vo\/photos-assis-sur-la-falaise\/","title":{"rendered":"galerie Assis sur la falaise"},"content":{"rendered":"\n<h4 class=\"wp-block-heading\">vendredi 20 novembre 2015<br>m\u00e9diath\u00e8que St\u00e9phane Hessel de Loupian (34)<\/h4>\n\n\n\n<p><em>Je crois savoir qu\u2019\u00e0 la fin tu n\u2019en pouvais plus de sortir les corps des monceaux de ferraille, visages bl\u00eames, tant de sang, organes et ossements broy\u00e9s, je crois savoir que tu r\u00eavais d\u2019atteindre les pics immacul\u00e9s qui dominent la plaine indienne et de courir vers eux vers le soleil \u00e0 devenir l\u00e9ger, courir \u00e0 t\u2019enivrer \u00e0 cause de l\u2019altitude, d\u00e9coller presque \u00e0 force de courir dans la neige contre les vents himalayens, une fois je l\u2019ai vu cette barri\u00e8re de rocher, elle est si haute qu\u2019elle d\u00e9passe les nuages comme une dentelle, si blanche,[&#8230;]<\/em><\/p>\n\n\n\n<div class=\"wp-block-image is-style-default\"><figure class=\"aligncenter\"><a href=\"http:\/\/francoiserenaud.com\/vo\/wp-content\/uploads\/2015\/11\/P1190784.jpg\"><img loading=\"lazy\" decoding=\"async\" width=\"768\" height=\"1024\" src=\"http:\/\/francoiserenaud.com\/vo\/wp-content\/uploads\/2015\/11\/P1190784-768x1024.jpg\" alt=\"P1190784\" class=\"wp-image-585\" srcset=\"https:\/\/francoiserenaud.com\/vo\/wp-content\/uploads\/2015\/11\/P1190784-768x1024.jpg 768w, https:\/\/francoiserenaud.com\/vo\/wp-content\/uploads\/2015\/11\/P1190784-225x300.jpg 225w, https:\/\/francoiserenaud.com\/vo\/wp-content\/uploads\/2015\/11\/P1190784-900x1200.jpg 900w, https:\/\/francoiserenaud.com\/vo\/wp-content\/uploads\/2015\/11\/P1190784.jpg 1536w\" sizes=\"auto, (max-width: 768px) 100vw, 768px\" \/><\/a><\/figure><\/div>\n\n\n\n<figure class=\"wp-block-image is-style-default\"><a href=\"http:\/\/francoiserenaud.com\/vo\/wp-content\/uploads\/2015\/11\/2015-20nov.Loupian.R2.jpg\"><img loading=\"lazy\" decoding=\"async\" width=\"1024\" height=\"770\" src=\"http:\/\/francoiserenaud.com\/vo\/wp-content\/uploads\/2015\/11\/2015-20nov.Loupian.R2-1024x770.jpg\" alt=\"2015-20nov.Loupian.R2\" class=\"wp-image-602\" srcset=\"https:\/\/francoiserenaud.com\/vo\/wp-content\/uploads\/2015\/11\/2015-20nov.Loupian.R2-1024x770.jpg 1024w, https:\/\/francoiserenaud.com\/vo\/wp-content\/uploads\/2015\/11\/2015-20nov.Loupian.R2-300x226.jpg 300w, https:\/\/francoiserenaud.com\/vo\/wp-content\/uploads\/2015\/11\/2015-20nov.Loupian.R2-900x677.jpg 900w\" sizes=\"auto, (max-width: 1024px) 100vw, 1024px\" \/><\/a><\/figure>\n\n\n\n<p class=\"has-text-align-center\"><\/p>\n\n\n\n<figure class=\"wp-block-image is-style-default\"><a href=\"http:\/\/francoiserenaud.com\/vo\/wp-content\/uploads\/2015\/11\/2015-20nov.Loupian.R1.jpg\"><img loading=\"lazy\" decoding=\"async\" width=\"1024\" height=\"780\" src=\"http:\/\/francoiserenaud.com\/vo\/wp-content\/uploads\/2015\/11\/2015-20nov.Loupian.R1-1024x780.jpg\" alt=\"2015-20nov.Loupian.R1\" class=\"wp-image-601\" srcset=\"https:\/\/francoiserenaud.com\/vo\/wp-content\/uploads\/2015\/11\/2015-20nov.Loupian.R1-1024x780.jpg 1024w, https:\/\/francoiserenaud.com\/vo\/wp-content\/uploads\/2015\/11\/2015-20nov.Loupian.R1-300x229.jpg 300w, https:\/\/francoiserenaud.com\/vo\/wp-content\/uploads\/2015\/11\/2015-20nov.Loupian.R1-900x686.jpg 900w\" sizes=\"auto, (max-width: 1024px) 100vw, 1024px\" \/><\/a><\/figure>\n\n\n\n<p class=\"has-text-align-center\"><\/p>\n\n\n\n<div class=\"wp-block-image is-style-default\"><figure class=\"aligncenter\"><img loading=\"lazy\" decoding=\"async\" width=\"768\" height=\"1024\" src=\"http:\/\/francoiserenaud.com\/vo\/wp-content\/uploads\/2015\/11\/P1190777-768x1024.jpg\" alt=\"P1190777\" class=\"wp-image-586\" srcset=\"https:\/\/francoiserenaud.com\/vo\/wp-content\/uploads\/2015\/11\/P1190777-768x1024.jpg 768w, https:\/\/francoiserenaud.com\/vo\/wp-content\/uploads\/2015\/11\/P1190777-225x300.jpg 225w, https:\/\/francoiserenaud.com\/vo\/wp-content\/uploads\/2015\/11\/P1190777-900x1200.jpg 900w, https:\/\/francoiserenaud.com\/vo\/wp-content\/uploads\/2015\/11\/P1190777.jpg 1536w\" sizes=\"auto, (max-width: 768px) 100vw, 768px\" \/><\/figure><\/div>\n\n\n\n<div class=\"wp-block-image is-style-default\"><figure class=\"aligncenter\"><a href=\"http:\/\/francoiserenaud.com\/vo\/wp-content\/uploads\/2015\/11\/2015_Loupian_Assissurlafalaise_2.jpg\"><img loading=\"lazy\" decoding=\"async\" width=\"505\" height=\"730\" src=\"http:\/\/francoiserenaud.com\/vo\/wp-content\/uploads\/2015\/11\/2015_Loupian_Assissurlafalaise_2.jpg\" alt=\"2015_Loupian_Assissurlafalaise_2\" class=\"wp-image-587\" srcset=\"https:\/\/francoiserenaud.com\/vo\/wp-content\/uploads\/2015\/11\/2015_Loupian_Assissurlafalaise_2.jpg 505w, https:\/\/francoiserenaud.com\/vo\/wp-content\/uploads\/2015\/11\/2015_Loupian_Assissurlafalaise_2-208x300.jpg 208w\" sizes=\"auto, (max-width: 505px) 100vw, 505px\" \/><\/a><\/figure><\/div>\n\n\n\n<p><a href=\"http:\/\/francoiserenaud.com\/vo\/wp-content\/uploads\/2015\/11\/P1190777.jpg\">&nbsp;<\/a><\/p>\n\n\n\n<figure class=\"wp-block-image is-style-default\"><a href=\"http:\/\/francoiserenaud.com\/vo\/wp-content\/uploads\/2015\/11\/2015-20nov.Loupian.R3.jpg\"><img loading=\"lazy\" decoding=\"async\" width=\"1024\" height=\"770\" src=\"http:\/\/francoiserenaud.com\/vo\/wp-content\/uploads\/2015\/11\/2015-20nov.Loupian.R3-1024x770.jpg\" alt=\"2015-20nov.Loupian.R3\" class=\"wp-image-603\" srcset=\"https:\/\/francoiserenaud.com\/vo\/wp-content\/uploads\/2015\/11\/2015-20nov.Loupian.R3-1024x770.jpg 1024w, https:\/\/francoiserenaud.com\/vo\/wp-content\/uploads\/2015\/11\/2015-20nov.Loupian.R3-300x226.jpg 300w, https:\/\/francoiserenaud.com\/vo\/wp-content\/uploads\/2015\/11\/2015-20nov.Loupian.R3-900x677.jpg 900w\" sizes=\"auto, (max-width: 1024px) 100vw, 1024px\" \/><\/a><\/figure>\n\n\n\n<p class=\"has-text-align-center\"><\/p>\n\n\n\n<div class=\"wp-block-image is-style-default\"><figure class=\"aligncenter\"><a href=\"http:\/\/francoiserenaud.com\/vo\/wp-content\/uploads\/2015\/11\/P1190794.jpg\"><img loading=\"lazy\" decoding=\"async\" width=\"1024\" height=\"768\" src=\"http:\/\/francoiserenaud.com\/vo\/wp-content\/uploads\/2015\/11\/P1190794-1024x768.jpg\" alt=\"P1190794\" class=\"wp-image-584\" srcset=\"https:\/\/francoiserenaud.com\/vo\/wp-content\/uploads\/2015\/11\/P1190794-1024x768.jpg 1024w, https:\/\/francoiserenaud.com\/vo\/wp-content\/uploads\/2015\/11\/P1190794-300x225.jpg 300w, https:\/\/francoiserenaud.com\/vo\/wp-content\/uploads\/2015\/11\/P1190794-900x675.jpg 900w, https:\/\/francoiserenaud.com\/vo\/wp-content\/uploads\/2015\/11\/P1190794.jpg 2048w\" sizes=\"auto, (max-width: 1024px) 100vw, 1024px\" \/><\/a><\/figure><\/div>\n\n\n\n<p><\/p>\n\n\n\n<p><em>[&#8230;] quasi infranchissable, et je suis persuad\u00e9e qu\u2019en la d\u00e9couvrant tu aurais senti ton dos vaciller, pour \u00e7a forc\u00e9ment tu aurais d\u00fb lever les yeux tout en suivant le cours d\u2019eau au fond de la vall\u00e9e, un peu de ce bonheur inou\u00ef que tu cherchais depuis longtemps, ce vacillement de monde dans la lumi\u00e8re matinale, cet \u00e9blouissement, oh si \u00e9tonnante la blancheur de la neige au-dessus de la t\u00eate, tu te serais assis face au paysage pour reprendre ton souffle et tu aurais regard\u00e9 les femmes qui travaillaient dans les champs de l\u00e9gumes, [&#8230;]<\/em><\/p>\n\n\n\n<div class=\"wp-block-image is-style-default\"><figure class=\"aligncenter\"><a href=\"http:\/\/francoiserenaud.com\/vo\/wp-content\/uploads\/2015\/11\/2015_Loupian_Assissurlafalaise_1.jpg\"><img loading=\"lazy\" decoding=\"async\" width=\"720\" height=\"960\" src=\"http:\/\/francoiserenaud.com\/vo\/wp-content\/uploads\/2015\/11\/2015_Loupian_Assissurlafalaise_1.jpg\" alt=\"2015_Loupian_Assissurlafalaise_1\" class=\"wp-image-589\" srcset=\"https:\/\/francoiserenaud.com\/vo\/wp-content\/uploads\/2015\/11\/2015_Loupian_Assissurlafalaise_1.jpg 720w, https:\/\/francoiserenaud.com\/vo\/wp-content\/uploads\/2015\/11\/2015_Loupian_Assissurlafalaise_1-225x300.jpg 225w\" sizes=\"auto, (max-width: 720px) 100vw, 720px\" \/><\/a><\/figure><\/div>\n\n\n\n<p class=\"has-text-align-right\">P<em>hotographies : R\u00e9gine Monod, Lydia Conti &#8211; Retouches (photos 2n3 et 6) Fr\u00e9d\u00e9ric Plumerand<\/em><\/p>\n","protected":false},"excerpt":{"rendered":"<p>vendredi 20 novembre 2015m\u00e9diath\u00e8que St\u00e9phane Hessel de Loupian (34) Je crois savoir qu\u2019\u00e0 la fin tu n\u2019en pouvais plus de sortir les corps des monceaux de ferraille, visages bl\u00eames, tant de sang, organes et ossements broy\u00e9s, je crois savoir que tu r\u00eavais d\u2019atteindre les pics immacul\u00e9s qui dominent la plaine indienne et de courir vers [&hellip;]<\/p>\n","protected":false},"author":1,"featured_media":0,"parent":0,"menu_order":0,"comment_status":"closed","ping_status":"closed","template":"","meta":{"footnotes":""},"class_list":["post-582","page","type-page","status-publish","hentry"],"_links":{"self":[{"href":"https:\/\/francoiserenaud.com\/vo\/wp-json\/wp\/v2\/pages\/582","targetHints":{"allow":["GET"]}}],"collection":[{"href":"https:\/\/francoiserenaud.com\/vo\/wp-json\/wp\/v2\/pages"}],"about":[{"href":"https:\/\/francoiserenaud.com\/vo\/wp-json\/wp\/v2\/types\/page"}],"author":[{"embeddable":true,"href":"https:\/\/francoiserenaud.com\/vo\/wp-json\/wp\/v2\/users\/1"}],"replies":[{"embeddable":true,"href":"https:\/\/francoiserenaud.com\/vo\/wp-json\/wp\/v2\/comments?post=582"}],"version-history":[{"count":16,"href":"https:\/\/francoiserenaud.com\/vo\/wp-json\/wp\/v2\/pages\/582\/revisions"}],"predecessor-version":[{"id":736,"href":"https:\/\/francoiserenaud.com\/vo\/wp-json\/wp\/v2\/pages\/582\/revisions\/736"}],"wp:attachment":[{"href":"https:\/\/francoiserenaud.com\/vo\/wp-json\/wp\/v2\/media?parent=582"}],"curies":[{"name":"wp","href":"https:\/\/api.w.org\/{rel}","templated":true}]}}