{"id":40,"date":"2011-12-14T11:13:41","date_gmt":"2011-12-14T10:13:41","guid":{"rendered":"http:\/\/francoiserenaud.com\/vo\/?page_id=40"},"modified":"2016-07-20T13:53:47","modified_gmt":"2016-07-20T11:53:47","slug":"40-2","status":"publish","type":"page","link":"https:\/\/francoiserenaud.com\/vo\/40-2\/","title":{"rendered":"galerie photos"},"content":{"rendered":"<p><a href=\"http:\/\/francoiserenaud.com\/vo\/wp-content\/uploads\/2011\/12\/C-29-mai-2016.jpg\"><img loading=\"lazy\" decoding=\"async\" class=\"size-large wp-image-673 alignnone\" src=\"http:\/\/francoiserenaud.com\/vo\/wp-content\/uploads\/2011\/12\/C-29-mai-2016-1024x576.jpg\" alt=\"C 29 mai 2016\" width=\"460\" height=\"259\" srcset=\"https:\/\/francoiserenaud.com\/vo\/wp-content\/uploads\/2011\/12\/C-29-mai-2016-1024x576.jpg 1024w, https:\/\/francoiserenaud.com\/vo\/wp-content\/uploads\/2011\/12\/C-29-mai-2016-300x169.jpg 300w, https:\/\/francoiserenaud.com\/vo\/wp-content\/uploads\/2011\/12\/C-29-mai-2016-768x432.jpg 768w\" sizes=\"auto, (max-width: 460px) 100vw, 460px\" \/><\/a><\/p>\n<p><a href=\"http:\/\/francoiserenaud.com\/vo\/wp-content\/uploads\/2011\/12\/2016-05-com\u00e9die-du-Livre-016-1.jpg\"><img loading=\"lazy\" decoding=\"async\" class=\"size-large wp-image-671\" src=\"http:\/\/francoiserenaud.com\/vo\/wp-content\/uploads\/2011\/12\/2016-05-com\u00e9die-du-Livre-016-1-1024x683.jpg\" alt=\"KODAK Digital Still Camera\" width=\"460\" height=\"307\" srcset=\"https:\/\/francoiserenaud.com\/vo\/wp-content\/uploads\/2011\/12\/2016-05-com\u00e9die-du-Livre-016-1-1024x683.jpg 1024w, https:\/\/francoiserenaud.com\/vo\/wp-content\/uploads\/2011\/12\/2016-05-com\u00e9die-du-Livre-016-1-300x200.jpg 300w, https:\/\/francoiserenaud.com\/vo\/wp-content\/uploads\/2011\/12\/2016-05-com\u00e9die-du-Livre-016-1-768x512.jpg 768w\" sizes=\"auto, (max-width: 460px) 100vw, 460px\" \/><\/a><\/p>\n<p><a href=\"http:\/\/francoiserenaud.com\/vo\/wp-content\/uploads\/2011\/12\/D-29-mai-2016.jpg\"><img loading=\"lazy\" decoding=\"async\" class=\"size-large wp-image-674 alignnone\" src=\"http:\/\/francoiserenaud.com\/vo\/wp-content\/uploads\/2011\/12\/D-29-mai-2016-1024x576.jpg\" alt=\"D 29 mai 2016\" width=\"460\" height=\"259\" srcset=\"https:\/\/francoiserenaud.com\/vo\/wp-content\/uploads\/2011\/12\/D-29-mai-2016-1024x576.jpg 1024w, https:\/\/francoiserenaud.com\/vo\/wp-content\/uploads\/2011\/12\/D-29-mai-2016-300x169.jpg 300w, https:\/\/francoiserenaud.com\/vo\/wp-content\/uploads\/2011\/12\/D-29-mai-2016-768x432.jpg 768w\" sizes=\"auto, (max-width: 460px) 100vw, 460px\" \/><\/a><\/p>\n<p><a href=\"http:\/\/francoiserenaud.com\/vo\/wp-content\/uploads\/2011\/12\/A-29-mai-2016.jpg\"><img loading=\"lazy\" decoding=\"async\" class=\"size-large wp-image-672 alignnone\" src=\"http:\/\/francoiserenaud.com\/vo\/wp-content\/uploads\/2011\/12\/A-29-mai-2016-1024x576.jpg\" alt=\"A 29 mai 2016\" width=\"460\" height=\"259\" srcset=\"https:\/\/francoiserenaud.com\/vo\/wp-content\/uploads\/2011\/12\/A-29-mai-2016-1024x576.jpg 1024w, https:\/\/francoiserenaud.com\/vo\/wp-content\/uploads\/2011\/12\/A-29-mai-2016-300x169.jpg 300w, https:\/\/francoiserenaud.com\/vo\/wp-content\/uploads\/2011\/12\/A-29-mai-2016-768x432.jpg 768w\" sizes=\"auto, (max-width: 460px) 100vw, 460px\" \/><\/a><\/p>\n<p style=\"padding-left: 60px; text-align: right;\"><em>Cr\u00e9dit photos \u00a9Jean-Luc Rocher et Lydia Conti, com\u00e9die du livre 2016<\/em><\/p>\n<p style=\"padding-left: 60px; text-align: right;\">\n<p style=\"padding-left: 60px;\"><img loading=\"lazy\" decoding=\"async\" class=\"alignnone size-full wp-image-2042\" style=\"border: 2px solid black;\" title=\"duo VOYAGES IMMOBILES - r\u00e9p\u00e9tition - septembre 2007\" src=\"http:\/\/francoiserenaud.com\/vo\/wp-content\/uploads\/2011\/12\/IMG_9769.jpg\" alt=\"\" width=\"350\" height=\"233\" \/><\/p>\n<p><img loading=\"lazy\" decoding=\"async\" class=\"alignnone size-full wp-image-2048\" style=\"border: 2px solid black;\" title=\"duo VOYAGES IMMOBILES - r\u00e9p\u00e9tition - septembre 2007\" src=\"http:\/\/francoiserenaud.com\/vo\/wp-content\/uploads\/2011\/12\/portrait.jpg\" alt=\"\" width=\"494\" height=\"332\" \/><\/p>\n<p style=\"padding-left: 60px;\"><img loading=\"lazy\" decoding=\"async\" class=\"alignnone size-full wp-image-2043\" style=\"border: 2px solid black;\" title=\"duo VOYAGES IMMOBILES - r\u00e9p\u00e9tition- septembre 2007\" src=\"http:\/\/francoiserenaud.com\/vo\/wp-content\/uploads\/2011\/12\/IMG_9670.jpg\" alt=\"\" width=\"384\" height=\"564\" \/><\/p>\n<p style=\"margin-top: 50px; padding-left: 30px;\"><img loading=\"lazy\" decoding=\"async\" class=\"alignnone size-full wp-image-2047\" style=\"border: 2px solid black;\" title=\"duo VOYAGES IMMOBILES - r\u00e9p\u00e9tition - septembre 2007\" src=\"http:\/\/francoiserenaud.com\/vo\/wp-content\/uploads\/2011\/12\/IMG_9791.jpg\" alt=\"\" width=\"444\" height=\"298\" \/><\/p>\n<p style=\"text-align: right;\"><em>Cr\u00e9dit Photos : Pierre Neuv\u00e9glise<\/em><\/p>\n<p style=\"text-align: left; padding-left: 30px;\"><em><img loading=\"lazy\" decoding=\"async\" class=\"alignnone size-full wp-image-2058\" style=\"border: 2px solid black;\" title=\"duo VOYAGES IMMOBILES - mars 2008 th\u00e9\u00e2tre de Clermont l'H\u00e9rault\" src=\"http:\/\/www.francoiserenaud.com\/blog\/wp-content\/uploads\/2010\/12\/assissurlafalaise4.jpg\" alt=\"\" width=\"404\" height=\"598\" \/><\/em><\/p>\n<p style=\"text-align: left; padding-left: 30px;\"><em><img loading=\"lazy\" decoding=\"async\" class=\"alignnone size-full wp-image-2063\" style=\"border: 2px solid black;\" title=\"duo VOYAGES IMMOBILES - mars 2008 th\u00e9\u00e2tre de Clermont l'H\u00e9rault\" src=\"http:\/\/francoiserenaud.com\/vo\/wp-content\/uploads\/2011\/12\/3mars08_fran22.jpg\" alt=\"\" width=\"300\" height=\"443\" \/><br \/>\n<\/em><\/p>\n<p style=\"text-align: left; padding-left: 30px;\"><em><img loading=\"lazy\" decoding=\"async\" class=\"alignnone size-full wp-image-2062\" style=\"border: 2px solid black;\" title=\"duo VOYAGES IMMOBILES - mars 2008 th\u00e9\u00e2tre de Clermont l'H\u00e9rault\" src=\"http:\/\/francoiserenaud.com\/vo\/wp-content\/uploads\/2011\/12\/DSC_0098.jpg\" alt=\"\" width=\"220\" height=\"327\" \/><\/em><\/p>\n<p style=\"text-align: right;\"><em>Cr\u00e9dit Photos : Marc Dantan<\/em><\/p>\n<p style=\"text-align: left;\"><em><img loading=\"lazy\" decoding=\"async\" class=\"alignnone size-large wp-image-2404\" style=\"border: 2px solid black; margin: 0.5px;\" title=\"duo VOYAGES IMMOBILES - 14 nov 2010 ch\u00e2teau de Lav\u00e9rune\" src=\"http:\/\/francoiserenaud.com\/vo\/wp-content\/uploads\/2011\/12\/14-nov-2010-Lav\u00e9rune2.jpg\" alt=\"\" width=\"508\" height=\"260\" \/><\/em><\/p>\n<p style=\"text-align: left;\"><em><img loading=\"lazy\" decoding=\"async\" class=\"alignnone size-full wp-image-2405\" style=\"border: 2px solid black; margin: 0.5px;\" title=\"duo VOYAGES IMMOBILES - 14 nov 2010 ch\u00e2teau de Lav\u00e9rune\" src=\"http:\/\/francoiserenaud.com\/vo\/wp-content\/uploads\/2011\/12\/regine1.jpg\" alt=\"\" width=\"508\" height=\"381\" \/><\/em><\/p>\n<p style=\"text-align: left; padding-left: 60px;\"><em><img loading=\"lazy\" decoding=\"async\" class=\"alignnone size-large wp-image-2407\" style=\"border: 2px solid black; margin: 0.5px;\" title=\"duo VOYAGES IMMOBILES - 14 nov 2010 ch\u00e2teau de Lav\u00e9rune\" src=\"http:\/\/francoiserenaud.com\/vo\/wp-content\/uploads\/2011\/12\/14-nov-2010-Lav\u00e9rune10.jpg\" alt=\"\" width=\"364\" height=\"273\" \/><br \/>\n<\/em><\/p>\n<p style=\"text-align: right;\"><em>Cr\u00e9dit Photos : Jean-Luc Rocher \/ R\u00e9gine Monod, 2010<br \/>\n<\/em><\/p>\n","protected":false},"excerpt":{"rendered":"<p>Cr\u00e9dit photos \u00a9Jean-Luc Rocher et Lydia Conti, com\u00e9die du livre 2016 Cr\u00e9dit Photos : Pierre Neuv\u00e9glise Cr\u00e9dit Photos : Marc Dantan Cr\u00e9dit Photos : Jean-Luc Rocher \/ R\u00e9gine Monod, 2010<\/p>\n","protected":false},"author":1,"featured_media":0,"parent":0,"menu_order":3,"comment_status":"closed","ping_status":"closed","template":"","meta":{"footnotes":""},"class_list":["post-40","page","type-page","status-publish","hentry"],"_links":{"self":[{"href":"https:\/\/francoiserenaud.com\/vo\/wp-json\/wp\/v2\/pages\/40","targetHints":{"allow":["GET"]}}],"collection":[{"href":"https:\/\/francoiserenaud.com\/vo\/wp-json\/wp\/v2\/pages"}],"about":[{"href":"https:\/\/francoiserenaud.com\/vo\/wp-json\/wp\/v2\/types\/page"}],"author":[{"embeddable":true,"href":"https:\/\/francoiserenaud.com\/vo\/wp-json\/wp\/v2\/users\/1"}],"replies":[{"embeddable":true,"href":"https:\/\/francoiserenaud.com\/vo\/wp-json\/wp\/v2\/comments?post=40"}],"version-history":[{"count":16,"href":"https:\/\/francoiserenaud.com\/vo\/wp-json\/wp\/v2\/pages\/40\/revisions"}],"predecessor-version":[{"id":678,"href":"https:\/\/francoiserenaud.com\/vo\/wp-json\/wp\/v2\/pages\/40\/revisions\/678"}],"wp:attachment":[{"href":"https:\/\/francoiserenaud.com\/vo\/wp-json\/wp\/v2\/media?parent=40"}],"curies":[{"name":"wp","href":"https:\/\/api.w.org\/{rel}","templated":true}]}}