{"id":384,"date":"2013-04-25T17:45:39","date_gmt":"2013-04-25T15:45:39","guid":{"rendered":"http:\/\/francoiserenaud.com\/vo\/?page_id=384"},"modified":"2018-01-31T11:45:40","modified_gmt":"2018-01-31T10:45:40","slug":"mer","status":"publish","type":"page","link":"https:\/\/francoiserenaud.com\/vo\/notre-repertoire\/mer\/","title":{"rendered":"&#8211; mer"},"content":{"rendered":"<p style=\"margin-top: 30px; padding-left: 30px;\"><a href=\"http:\/\/francoiserenaud.com\/vo\/wp-content\/uploads\/2013\/04\/essai11.jpg\"><img loading=\"lazy\" decoding=\"async\" class=\"wp-image-445 alignnone\" style=\"border: 2px solid black;\" title=\"duo VOYAGES IMMOBILES - Mer\" src=\"http:\/\/francoiserenaud.com\/vo\/wp-content\/uploads\/2013\/04\/essai11.jpg\" alt=\"\" width=\"300\" height=\"300\" srcset=\"https:\/\/francoiserenaud.com\/vo\/wp-content\/uploads\/2013\/04\/essai11.jpg 361w, https:\/\/francoiserenaud.com\/vo\/wp-content\/uploads\/2013\/04\/essai11-150x150.jpg 150w, https:\/\/francoiserenaud.com\/vo\/wp-content\/uploads\/2013\/04\/essai11-300x300.jpg 300w\" sizes=\"auto, (max-width: 300px) 100vw, 300px\" \/><\/a><\/p>\n<p style=\"text-align: right;\"><span style=\"color: #0080ab;\"><strong>Cr\u00e9\u00e9 \u00e0 l&rsquo;occasion du mois de la mer<br \/>\nle 1er f\u00e9vrier 2013<br \/>\n\u00e0 la m\u00e9diath\u00e8que Th\u00e9odore Monod, Juvignac (34)<\/strong><\/span><\/p>\n<h3>\u00a0\u00a0\u00a0\u00a0\u00a0\u00a0\u00a0\u00a0\u00a0\u00a0\u00a0\u00a0\u00a0\u00a0\u00a0\u00a0\u00a0\u00a0\u00a0\u00a0\u00a0<a href=\"http:\/\/francoiserenaud.com\/vo\/wp-content\/uploads\/2013\/04\/Tari+Renaud_2013-04_26_Thematique_Mer_Demo_Web.mp3\" target=\"_blank\" rel=\"noopener noreferrer\"> \u00e9couter une suite d&rsquo;extraits \u2022\u2022\u2022<\/a><\/h3>\n<p><strong><a title=\"\u00e9couter un extrait d'en voyage\" href=\"http:\/\/francoiserenaud.com\/vo\/wp-content\/uploads\/2013\/04\/Tari+Renaud_2013-04_26_Thematique_Mer_Demo_Web.mp3\" target=\"_blank\" rel=\"noopener noreferrer\"><img loading=\"lazy\" decoding=\"async\" title=\"\u00e9couter une suite d'extraits de Mer\" src=\"http:\/\/francoiserenaud.com\/vo\/wp-content\/uploads\/2011\/12\/HP.png\" alt=\"Ecouter...\" width=\"70\" height=\"70\" \/><\/a><\/strong><\/p>\n<h2 style=\"text-align: justify;\"><strong><span style=\"color: #d2822d;\">LA TRAME<\/span><\/strong><\/h2>\n<p style=\"margin-top: 10px; text-align: justify;\">Cette lecture a \u00e9t\u00e9 mont\u00e9e \u00e0 partir de diff\u00e9rents fragments \u00e9voquant l&rsquo;univers maritime, puis\u00e9s dans diff\u00e9rents romans de l&rsquo;\u00e9crivain.\u00a0 Ce th\u00e8me traverse en effet l\u2019\u0153uvre de Fran\u00e7oise Renaud, <em>fille de la c\u00f4te<\/em>, n\u00e9e en Bretagne. On peut citer : <a href=\"http:\/\/www.francoiserenaud.com\/bibliographie\/romans-recits\/petite-musique-des-vivants\/\" target=\"_blank\" rel=\"noopener noreferrer\">Petite musique des vivants<\/a>, <a href=\"http:\/\/www.francoiserenaud.com\/bibliographie\/romans-recits\/aujourdhui-la-mer-est-blanche\/\" target=\"_blank\" rel=\"noopener noreferrer\">Aujourd&rsquo;hui la mer est blanche<\/a>, <a href=\"http:\/\/www.francoiserenaud.com\/bibliographie\/romans-recits\/creatures-du-fleuve\/\" target=\"_blank\" rel=\"noopener noreferrer\">Cr\u00e9atures du fleuve<\/a>, <a href=\"http:\/\/www.francoiserenaud.com\/bibliographie\/romans-recits\/au-dela-du-blanc-richarme-1904-1991\/\" target=\"_blank\" rel=\"noopener noreferrer\">Au-del\u00e0 du blanc<\/a>, <a href=\"http:\/\/www.francoiserenaud.com\/bibliographie\/romans-recits\/lenfant-de-ma-mere\/\" target=\"_blank\" rel=\"noopener noreferrer\">L&rsquo;enfant de ma m\u00e8re<\/a>.<\/p>\n<p style=\"margin-top: 10px; text-align: justify;\">\u00c0 partir d&rsquo;extraits de longueurs et de tonalit\u00e9s diff\u00e9rentes, s&rsquo;est construite une v\u00e9ritable narration \u00e0 deux voix.<br \/>\nEspaces marins \u2014 calme blanc ou temp\u00eate \u2014, personnages d&rsquo;\u00e2ges divers, situations tour \u00e0 tour dramatiques ou sereines, les artistes racontent des histoires, se r\u00e9pondent, toujours au plus pr\u00e8s du paysage et de la nature humaine.<br \/>\nEau et rocher \/ Ombre et lumi\u00e8re \/ Fluide et min\u00e9ral.<\/p>\n<h2 style=\"text-align: justify;\"><strong><span style=\"color: #d2822d;\">LA COMPOSITION MUSICALE<\/span><\/strong><\/h2>\n<p style=\"margin-top: 10px; text-align: justify;\">La mer nourrit d&#8217;embl\u00e9e l&rsquo;espace sonore : bruit des vagues sur la plage, cris d&rsquo;oiseaux. Peu \u00e0 peu, cette rumeur intime s&rsquo;amplifie, stimulant d&rsquo;autres sens. Odeurs de l&rsquo;algue, vent sur la peau. Au fil de la lecture, l&rsquo;espace semble s&rsquo;\u00e9largir. La musique est comme une palissade sur laquelle se d\u00e9tachent les personnages, soudain nourris de couleurs p\u00e2les ou vibrantes.<\/p>\n<p style=\"margin-top: 10px; text-align: justify;\">Les compositions sont b\u00e2ties sur des r\u00e9p\u00e9titions de courts motifs accord\u00e9s \u00e0 la nature des textes. Atmosph\u00e8res ent\u00eatantes voire obs\u00e9dantes, mar\u00e9e basse, temp\u00eate d&rsquo;\u00e9quinoxe.<\/p>\n<p style=\"margin-top: 10px; text-align: justify;\"><strong> Plus que l&rsquo;aspect m\u00e9lodique, ce sont les tonalit\u00e9s, les formes rythmiques et l&rsquo;improvisation du violon qui sous-tendent le r\u00e9cit. Le violon est le compagnon de la voix, lumineux, dramatique, \u00e0 chaque instant vigilant.<\/strong><\/p>\n<h2 style=\"text-align: justify;\"><strong><span style=\"color: #d2822d;\">LES MOUVEMENTS<\/span><\/strong><\/h2>\n<p style=\"margin-top: 10px; text-align: justify;\">&#8211; <strong>&lsquo;\u00c0 flanc de falaise&rsquo;<\/strong> : improvisation marine<br \/>\n&#8211; <strong>&lsquo;Le lait du ciel&rsquo; <\/strong>: mar\u00e9e basse et ciel limpide<br \/>\n&#8211; <strong>&lsquo;Partir&rsquo;<\/strong> : marche douce, annonciatrice d&rsquo;un drame<br \/>\n&#8211;<strong> &lsquo;Blanc premier&rsquo;<\/strong> : tourbillon<br \/>\n&#8211; <strong>&lsquo;La valse du temps&rsquo;<\/strong> : derni\u00e8re \u00e9quinoxe<br \/>\n&#8211; <strong>&lsquo;Mon enfant&rsquo;<\/strong> : \u00e9merveillement<\/p>\n<p style=\"margin-top: 30px; text-align: right;\">DUR\u00c9E INDICATIVE : 1 h &#8211; Pour adultes<\/p>\n<p style=\"text-align: right;\"><em>UN TEMPS <em> DE RENCONTRE ET <\/em>D\u2019\u00c9CHANGE AVEC LE PUBLIC EST OFFERT PAR LES ARTISTES APR\u00c8S CHAQUE <a href=\"..\/notre-repertoire\/\"><strong>LECTURE-CONCERT<\/strong><\/a>.<\/em><\/p>\n<p style=\"margin-top: 50px; text-align: right;\"><span style=\"color: #0080ab;\">INFORMATIONS &amp; DEVIS<br \/>\n<strong><a title=\"livremus@free.fr\" href=\"mailto:livremus@free.fr\">livremus<\/a><\/strong>(at)<strong>free.fr<br \/>\nFr\u00e9d\u00e9ric Tari : 06 08 78 89 90<br \/>\nFran\u00e7oise Renaud : 09 84 39 64 26<\/strong><\/span><\/p>\n","protected":false},"excerpt":{"rendered":"<p>Cr\u00e9\u00e9 \u00e0 l&rsquo;occasion du mois de la mer le 1er f\u00e9vrier 2013 \u00e0 la m\u00e9diath\u00e8que Th\u00e9odore Monod, Juvignac (34) \u00a0\u00a0\u00a0\u00a0\u00a0\u00a0\u00a0\u00a0\u00a0\u00a0\u00a0\u00a0\u00a0\u00a0\u00a0\u00a0\u00a0\u00a0\u00a0\u00a0\u00a0 \u00e9couter une suite d&rsquo;extraits \u2022\u2022\u2022 LA TRAME Cette lecture a \u00e9t\u00e9 mont\u00e9e \u00e0 partir de diff\u00e9rents fragments \u00e9voquant l&rsquo;univers maritime, puis\u00e9s dans diff\u00e9rents romans de l&rsquo;\u00e9crivain.\u00a0 Ce th\u00e8me traverse en effet l\u2019\u0153uvre de Fran\u00e7oise Renaud, [&hellip;]<\/p>\n","protected":false},"author":1,"featured_media":0,"parent":12,"menu_order":4,"comment_status":"closed","ping_status":"open","template":"","meta":{"footnotes":""},"class_list":["post-384","page","type-page","status-publish","hentry"],"_links":{"self":[{"href":"https:\/\/francoiserenaud.com\/vo\/wp-json\/wp\/v2\/pages\/384","targetHints":{"allow":["GET"]}}],"collection":[{"href":"https:\/\/francoiserenaud.com\/vo\/wp-json\/wp\/v2\/pages"}],"about":[{"href":"https:\/\/francoiserenaud.com\/vo\/wp-json\/wp\/v2\/types\/page"}],"author":[{"embeddable":true,"href":"https:\/\/francoiserenaud.com\/vo\/wp-json\/wp\/v2\/users\/1"}],"replies":[{"embeddable":true,"href":"https:\/\/francoiserenaud.com\/vo\/wp-json\/wp\/v2\/comments?post=384"}],"version-history":[{"count":37,"href":"https:\/\/francoiserenaud.com\/vo\/wp-json\/wp\/v2\/pages\/384\/revisions"}],"predecessor-version":[{"id":725,"href":"https:\/\/francoiserenaud.com\/vo\/wp-json\/wp\/v2\/pages\/384\/revisions\/725"}],"up":[{"embeddable":true,"href":"https:\/\/francoiserenaud.com\/vo\/wp-json\/wp\/v2\/pages\/12"}],"wp:attachment":[{"href":"https:\/\/francoiserenaud.com\/vo\/wp-json\/wp\/v2\/media?parent=384"}],"curies":[{"name":"wp","href":"https:\/\/api.w.org\/{rel}","templated":true}]}}