{"id":37,"date":"2011-12-14T11:12:33","date_gmt":"2011-12-14T10:12:33","guid":{"rendered":"http:\/\/francoiserenaud.com\/vo\/?page_id=37"},"modified":"2018-01-31T11:43:53","modified_gmt":"2018-01-31T10:43:53","slug":"frederic-tari","status":"publish","type":"page","link":"https:\/\/francoiserenaud.com\/vo\/notre-duo\/frederic-tari\/","title":{"rendered":"fr\u00e9d\u00e9ric tari"},"content":{"rendered":"<p style=\"margin-top: 30px;\"><a href=\"http:\/\/frederic.tari.free.fr\/\" target=\"_blank\" rel=\"noopener noreferrer\"><img loading=\"lazy\" decoding=\"async\" class=\"alignnone size-large wp-image-4306\" style=\"border: 2px solid black; margin: 0.5px;\" title=\"duo VOYAGES IMMOBILES - portrait Fr\u00e9d\u00e9ric Tari -2005, Mexique\" src=\"http:\/\/francoiserenaud.com\/vo\/wp-content\/uploads\/2011\/12\/F.TARI_2005_Tabet-Mexique_Merida_01.jpg\" alt=\"\" width=\"289\" height=\"381\" \/><\/a><\/p>\n<h2 style=\"text-align: justify;\"><strong><span style=\"color: #d2822d;\">PARCOURS<\/span><\/strong><\/h2>\n<p style=\"margin-top: 20px; text-align: justify;\">N\u00e9 \u00e0 Reims de parents m\u00e9diterran\u00e9ens, il affirme avoir la double nationalit\u00e9 et deux cultures, celle du Nord et celle du Sud. D\u00e8s l\u2019\u00e2ge de quatre ans, il apprend la musique au <strong>Conservatoire<\/strong>. Form\u00e9 au chant, aux percussions m\u00e9lodiques, ensuite au violon, il d\u00e9veloppe en parall\u00e8le des talents d\u2019improvisateur qui le conduisent au jazz puis aux musiques du monde.<\/p>\n<p style=\"text-align: justify;\">D\u00e8s 1982 il enregistre et joue sur des grandes sc\u00e8nes de jazz.<br \/>\nEn 1984, il fonde la compagnie <strong><em>Vent du Sud<\/em><\/strong>, puis le groupe <em><strong>Gibraltar <\/strong><\/em>en 1985 (il jouera notamment aux c\u00f4t\u00e9s de John Abercrombie et Christian Escoud\u00e9). Le trio <em><strong>Rituel<\/strong> <\/em>sera cr\u00e9\u00e9 en 1990 et<strong> <em>L\u2019Alambic Imp\u00e9rial<\/em> <\/strong>en 1991. En 1998, il devient producteur et fonde avec Philippe T\u00e9tard et Philippe Teissier du Cros le label de jazz et musiques improvis\u00e9es <strong><em>EMP Records<\/em><\/strong>. Membre du petit cercle des violonistes de jazz fran\u00e7ais aux c\u00f4t\u00e9s de St\u00e9phane Grappelli et de Didier Lockwood, il devient un improvisateur \u00e9clectique recherch\u00e9. P\u00e9dagogue reconnu, il consacre \u00e9galement du temps \u00e0 l\u2019enseignement du violon, de l\u2019improvisation et de l\u2019harmonie.<\/p>\n<p style=\"margin-top: 20px; text-align: justify;\">En 2002, il cr\u00e9e et anime le collectif artistique <strong><em>Arkom<\/em><\/strong> et participe en 2007 au lancement du groupement d&rsquo;artistes <a href=\"http:\/\/groupementrhizome.blogspot.com\/\" target=\"_blank\" rel=\"noopener noreferrer\"><strong><em>Rhizome<\/em><\/strong><\/a>.<\/p>\n<p style=\"margin-top: 20px; text-align: justify;\">En 1997 il rejoint l\u2019ensemble arabo-andalou <em><strong>Asswate <\/strong><\/em>cr\u00e9\u00e9 par <strong>Fethi Tabet, <\/strong>une des grandes voix des musiques du monde. En 1998, il participe \u00e0 la cr\u00e9ation du <a href=\"http:\/\/www.fethitabet.com\/\" target=\"_blank\" rel=\"noopener noreferrer\"><strong>groupe <em>Fethi Tabet<\/em><\/strong><\/a> sous l&rsquo;\u00e9gide de la compagnie <em>Musique Sans Fronti\u00e8res<\/em> dont il devient directeur musical. Menant en parall\u00e8le une carri\u00e8re artistique et un travail d\u2019action culturelle \u00e0 caract\u00e8re humanitaire, il se produit depuis lors dans le monde : Chine, Inde, Afrique, Europe, \u00c9tats-Unis, Am\u00e9rique latine, Moyen-Orient\u2026 Dans cet esprit, il participe en 2006 \u00e0 la cr\u00e9ation du <a href=\"http:\/\/www.ccimsf.com\/\" target=\"_blank\" rel=\"noopener noreferrer\"><em><strong>Centre Culturel International Musique Sans Fronti\u00e8res<\/strong><\/em><\/a> \u00e0 Montpellier et s&rsquo;y investit jusqu&rsquo;en 2010.<\/p>\n<p style=\"margin-top: 20px; text-align: justify;\">En 2008, il fonde sa propre compagnie intitul\u00e9e <strong><em>Des Cordes \u00e0 mon Art<\/em><\/strong>, d\u00e9di\u00e9e \u00e0 la cr\u00e9ation artistique et \u00e0 l&rsquo;enseignement.<\/p>\n<p style=\"margin-top: 20px; text-align: justify;\">Depuis 2003, il se produit d\u2019une part avec l\u2019\u00e9crivain <a href=\"http:\/\/www.francoiserenaud.com\" target=\"_blank\" rel=\"noopener noreferrer\"><strong>Fran\u00e7oise Renaud<\/strong><\/a>, d\u2019autre part avec le po\u00e8te <a href=\"http:\/\/ctoujoursmusicales.free.fr\/\" target=\"_blank\" rel=\"noopener noreferrer\"><strong>Laurent Dhume<\/strong><\/a>, d\u00e9veloppant avec eux des univers intimes et cr\u00e9ant des spectacles originaux.<\/p>\n<h3 style=\"margin-top: 20px; text-align: justify;\">pour en savoir plus sur Fr\u00e9d\u00e9ric TARI et \u00e9couter son parcours, aller sur le site <a href=\"http:\/\/improviser-au-violon.fr\/frederic-tari-parcours-musical\/\" target=\"_blank\" rel=\"noopener noreferrer\">Improviser au violon<\/a><\/h3>\n<h2 style=\"text-align: justify;\"><span style=\"color: #d2822d;\">DISCOGRAPHIE<\/span><\/h2>\n<p style=\"margin-top: 20px; text-align: justify;\">FETHI TABET &#8211; <em><strong>L\u2019\u00catre H<\/strong><\/em>, \u00e0 para\u00eetre<br \/>\nBLACK &amp; WHITE, <strong><em>Xperience<\/em><\/strong>, \u00e0 para\u00eetre<br \/>\nF. TARI &amp; F. RENAUD &#8211; <em><strong>Assis sur la Falaise <\/strong><\/em>(DVD), 2006<br \/>\nFETHI TABET &#8211; <em><strong>M\u00e9dit\u00e9<\/strong><\/em>, 2005<br \/>\nCINQUI SO &#8211; <em><strong>Circa Vita<\/strong><\/em>, 2005<br \/>\nMEZCAL JAZZ UNIT &#8211; <em><strong>M\u00f4t hai ba b\u00f4n<\/strong><\/em>, 2004<br \/>\nFETHI TABET &#8211; Asswate &#8211; <em><strong>Nezlinda<\/strong><\/em>, 1998-2001<br \/>\nBOSS PHOBIE &#8211; <em><strong>Orientation<\/strong><\/em>, 1999<br \/>\nDENIS FOURNIER &#8211; <strong><em>Sud Ensemble<\/em><\/strong>, 1999<br \/>\nDENIS FOURNIER &#8211; <em><strong>Saudade<\/strong><\/em>, 1999<br \/>\nFREDO BOSS &#8211;<em><strong> Impossibles Romances<\/strong><\/em>, 1998<br \/>\nRITUEL &#8211; <em><strong>Rituel<\/strong><\/em>, 1997<br \/>\nLES ALLUM\u00c9S DU JAZZ &#8211; <em><strong>Le Collector,<\/strong><\/em> 1996<br \/>\nPHILIPPE GAILLOT &#8211;<em><strong> Between You and Me<\/strong><\/em>, 1995<br \/>\nL\u2019ALAMBIC IMP\u00c9RIAL &#8211; <strong>Sina\u00ef<\/strong>, 1994<br \/>\nDENIS FOURNIER &#8211; <em><strong>Ma\u00eb<\/strong><\/em>, 1994<br \/>\nLES NAUFRAG\u00c9S &#8211;<em><strong> Les Naufrag\u00e9s<\/strong><\/em>, 1993<br \/>\nL\u2019ALAMBIC IMP\u00c9RIAL &#8211; <em><strong>Live At The Petit V\u00e9lo Hall<\/strong><\/em>, 1992<br \/>\nDENIS FOURNIER &#8211; <em><strong>Belleville<\/strong><\/em>, 1989<br \/>\nJEAN-PIERRE LLABRADOR &#8211; <em><strong>5th Edition<\/strong><\/em>, 1988<br \/>\nGIBRALTAR &#8211; <em><strong>Gibraltar<\/strong><\/em>, 1988<br \/>\nPHILIPPE GAILLOT &#8211; <em><strong>Lady Stroyed<\/strong><\/em>, 1988<br \/>\nDENIS FOURNIER &#8211; <em><strong>Le R\u00e9veil du Cr\u00e9ole<\/strong><\/em>, 1985\/1999<\/p>\n","protected":false},"excerpt":{"rendered":"<p>PARCOURS N\u00e9 \u00e0 Reims de parents m\u00e9diterran\u00e9ens, il affirme avoir la double nationalit\u00e9 et deux cultures, celle du Nord et celle du Sud. D\u00e8s l\u2019\u00e2ge de quatre ans, il apprend la musique au Conservatoire. Form\u00e9 au chant, aux percussions m\u00e9lodiques, ensuite au violon, il d\u00e9veloppe en parall\u00e8le des talents d\u2019improvisateur qui le conduisent au jazz [&hellip;]<\/p>\n","protected":false},"author":1,"featured_media":0,"parent":10,"menu_order":2,"comment_status":"closed","ping_status":"closed","template":"","meta":{"footnotes":""},"class_list":["post-37","page","type-page","status-publish","hentry"],"_links":{"self":[{"href":"https:\/\/francoiserenaud.com\/vo\/wp-json\/wp\/v2\/pages\/37","targetHints":{"allow":["GET"]}}],"collection":[{"href":"https:\/\/francoiserenaud.com\/vo\/wp-json\/wp\/v2\/pages"}],"about":[{"href":"https:\/\/francoiserenaud.com\/vo\/wp-json\/wp\/v2\/types\/page"}],"author":[{"embeddable":true,"href":"https:\/\/francoiserenaud.com\/vo\/wp-json\/wp\/v2\/users\/1"}],"replies":[{"embeddable":true,"href":"https:\/\/francoiserenaud.com\/vo\/wp-json\/wp\/v2\/comments?post=37"}],"version-history":[{"count":21,"href":"https:\/\/francoiserenaud.com\/vo\/wp-json\/wp\/v2\/pages\/37\/revisions"}],"predecessor-version":[{"id":692,"href":"https:\/\/francoiserenaud.com\/vo\/wp-json\/wp\/v2\/pages\/37\/revisions\/692"}],"up":[{"embeddable":true,"href":"https:\/\/francoiserenaud.com\/vo\/wp-json\/wp\/v2\/pages\/10"}],"wp:attachment":[{"href":"https:\/\/francoiserenaud.com\/vo\/wp-json\/wp\/v2\/media?parent=37"}],"curies":[{"name":"wp","href":"https:\/\/api.w.org\/{rel}","templated":true}]}}