{"id":35,"date":"2011-12-14T11:12:05","date_gmt":"2011-12-14T10:12:05","guid":{"rendered":"http:\/\/francoiserenaud.com\/vo\/?page_id=35"},"modified":"2018-01-31T11:43:32","modified_gmt":"2018-01-31T10:43:32","slug":"francoise-renaud","status":"publish","type":"page","link":"https:\/\/francoiserenaud.com\/vo\/notre-duo\/francoise-renaud\/","title":{"rendered":"fran\u00e7oise renaud"},"content":{"rendered":"<p style=\"margin-top: 30px;\"><a href=\"http:\/\/francoiserenaud.com\/\" target=\"_blank\" rel=\"noopener noreferrer\"><img loading=\"lazy\" decoding=\"async\" class=\"alignnone size-large wp-image-4046\" style=\"border: 2px solid black; margin: 0.5px;\" title=\"duo VOYAGES IMMOBILES - portrait Fran\u00e7oise Renaud\" src=\"http:\/\/francoiserenaud.com\/vo\/wp-content\/uploads\/2011\/12\/Fran\u00e7oise-Renaud-2011.jpg\" alt=\"\" width=\"455\" height=\"305\" \/><\/a><\/p>\n<p style=\"text-align: right;\"><em>Cr\u00e9dit Photo : Didier Leclerc <\/em><\/p>\n<h2 style=\"text-align: justify;\"><strong><span style=\"color: #d2822d;\">PARCOURS<\/span><\/strong><\/h2>\n<h3 style=\"margin-top: 20px; text-align: justify;\"><strong>sur WIKIPEDIA cliquer <a href=\"http:\/\/fr.wikipedia.org\/wiki\/Fran%C3%A7oise_Renaud\" target=\"_blank\" rel=\"noopener noreferrer\">ici<\/a><\/strong><\/h3>\n<p style=\"margin-top: 30px; text-align: justify;\">N\u00e9e en pays de Retz (le plus m\u00e9ridional des pays bretons), elle rejoint le Languedoc pour \u00e9tudier les sciences de la Terre, puis enseigne \u00e0 Montpellier. Son premier roman \u2018<a href=\"http:\/\/www.francoiserenaud.com\/bibliographie\/romans-recits\/lenfant-de-ma-mere\/\" target=\"_blank\" rel=\"noopener noreferrer\"><em><strong>L\u2019enfant de ma m\u00e8re<\/strong><\/em><\/a>\u2019 para\u00eet en 1997. \u00c0 noter l\u2019obtention d\u2019une bourse de cr\u00e9ation de la part de la commission roman du Centre National des Lettres en 2002 et d\u2019une bourse d\u2019aide individuelle au livre par la R\u00e9gion Languedoc-Roussillon en 2007.<\/p>\n<p style=\"margin-top: 20px; text-align: justify;\">Depuis 2003, elle monte certains de ses textes en lecture avec le violoniste Fr\u00e9d\u00e9ric Tari. L&rsquo;aventure s&rsquo;est initi\u00e9e avec son r\u00e9cit &lsquo;<a href=\"http:\/\/www.francoiserenaud.com\/bibliographie\/romans-recits\/assis-sur-la-falaise\/\" target=\"_blank\" rel=\"noopener noreferrer\"><em><strong>Assis sur la Falaise<\/strong><\/em><\/a>&lsquo; suite \u00e0 une s\u00e9rie de dramatiques r\u00e9alis\u00e9e avec les ateliers de cr\u00e9ation de Radio France. Leur duo VOYAGES IMMOBILES jouit aujourd\u2019hui d\u2019un beau r\u00e9pertoire de lectures concerts.<br \/>\nElle participe au collectif <em>Arkom <\/em>cr\u00e9\u00e9 par Fr\u00e9d\u00e9ric Tari en 2002 et participe en 2007 au lancement du groupement d&rsquo;artistes <em>Rhizome<\/em>.<br \/>\nEntre 2007 et 2015, elle a \u00e9t\u00e9 r\u00e9dactrice en chef de la<strong> revue FUNAMBULE <\/strong>en ligne de l\u2019association \u2018<strong><a href=\"http:\/\/www.autourdesauteurs.fr\/\" target=\"_blank\" rel=\"noopener noreferrer\">AUTOUR DES AUTEURS<\/a><\/strong>\u2019 en Languedoc-Roussillon.<\/p>\n<p style=\"margin-top: 20px; text-align: justify;\">Elle se consacre aujourd\u2019hui \u00e0 la litt\u00e9rature &#8211; un art de vivre.<br \/>\nPlus d\u2019une quinzaine de ses romans et r\u00e9cits ont \u00e9t\u00e9 publi\u00e9s. La nature profonde de ses textes et la qualit\u00e9 de son \u00e9criture ont \u00e9t\u00e9 souvent soulign\u00e9s.<\/p>\n<p style=\"margin-top: 20px; text-align: justify;\">Ce qu\u2019elle aime : marcher au bord des falaises, manger des moules crues, lire Claude Simon ou \u00e9couter Jim Morrison entre mer et jardin.<\/p>\n<h2 style=\"text-align: justify;\"><\/h2>\n<h2 style=\"text-align: justify;\"><span style=\"color: #d2822d;\">BIBLIOGRAPHIE<\/span><\/h2>\n<p style=\"text-align: justify;\">cliquer <a href=\"http:\/\/www.francoiserenaud.com\/bibliographie\/bibliographie-complete\/\" target=\"_blank\" rel=\"noopener noreferrer\"><strong>ici<\/strong><\/a><\/p>\n","protected":false},"excerpt":{"rendered":"<p>Cr\u00e9dit Photo : Didier Leclerc PARCOURS sur WIKIPEDIA cliquer ici N\u00e9e en pays de Retz (le plus m\u00e9ridional des pays bretons), elle rejoint le Languedoc pour \u00e9tudier les sciences de la Terre, puis enseigne \u00e0 Montpellier. Son premier roman \u2018L\u2019enfant de ma m\u00e8re\u2019 para\u00eet en 1997. \u00c0 noter l\u2019obtention d\u2019une bourse de cr\u00e9ation de la [&hellip;]<\/p>\n","protected":false},"author":1,"featured_media":0,"parent":10,"menu_order":1,"comment_status":"closed","ping_status":"closed","template":"","meta":{"footnotes":""},"class_list":["post-35","page","type-page","status-publish","hentry"],"_links":{"self":[{"href":"https:\/\/francoiserenaud.com\/vo\/wp-json\/wp\/v2\/pages\/35","targetHints":{"allow":["GET"]}}],"collection":[{"href":"https:\/\/francoiserenaud.com\/vo\/wp-json\/wp\/v2\/pages"}],"about":[{"href":"https:\/\/francoiserenaud.com\/vo\/wp-json\/wp\/v2\/types\/page"}],"author":[{"embeddable":true,"href":"https:\/\/francoiserenaud.com\/vo\/wp-json\/wp\/v2\/users\/1"}],"replies":[{"embeddable":true,"href":"https:\/\/francoiserenaud.com\/vo\/wp-json\/wp\/v2\/comments?post=35"}],"version-history":[{"count":14,"href":"https:\/\/francoiserenaud.com\/vo\/wp-json\/wp\/v2\/pages\/35\/revisions"}],"predecessor-version":[{"id":691,"href":"https:\/\/francoiserenaud.com\/vo\/wp-json\/wp\/v2\/pages\/35\/revisions\/691"}],"up":[{"embeddable":true,"href":"https:\/\/francoiserenaud.com\/vo\/wp-json\/wp\/v2\/pages\/10"}],"wp:attachment":[{"href":"https:\/\/francoiserenaud.com\/vo\/wp-json\/wp\/v2\/media?parent=35"}],"curies":[{"name":"wp","href":"https:\/\/api.w.org\/{rel}","templated":true}]}}