{"id":32,"date":"2011-12-14T11:11:18","date_gmt":"2011-12-14T10:11:18","guid":{"rendered":"http:\/\/francoiserenaud.com\/vo\/?page_id=32"},"modified":"2018-01-31T11:45:32","modified_gmt":"2018-01-31T10:45:32","slug":"la-peau-de-dingo","status":"publish","type":"page","link":"https:\/\/francoiserenaud.com\/vo\/notre-repertoire\/la-peau-de-dingo\/","title":{"rendered":"&#8211; la peau de dingo"},"content":{"rendered":"<p style=\"margin-top: 30px;\"><a href=\"http:\/\/www.francoiserenaud.com\/blog\/lectures-concerts\/la-peau-de-dingo\/\" target=\"_blank\" rel=\"noopener noreferrer\"><img loading=\"lazy\" decoding=\"async\" class=\"alignnone size-medium wp-image-3926\" style=\"border: 2px solid black; margin: 0.5px;\" title=\"duo VOYAGES IMMOBILES - la peau de dingo\" src=\"http:\/\/francoiserenaud.com\/vo\/wp-content\/uploads\/2011\/12\/guerisseuse_cuivre.jpg\" alt=\"\" width=\"300\" height=\"300\" \/><\/a><\/p>\n<p style=\"text-align: right;\"><em>Illustration : Denis Caporossi<\/em><\/p>\n<h2 style=\"text-align: justify;\"><strong><span style=\"color: #d2822d;\">LA TRAME<\/span><\/strong><\/h2>\n<p style=\"margin-top: 10px; text-align: justify;\">Sous l\u2019oeil attentif de sa grand-m\u00e8re Martha, femme de la trempe des sages et des chamans, la jeune Hilde va se passionner pour les livres et les arbres. Un jour elle d\u00e9couvre que des gens vivaient dans le d\u00e9sert australien, un des lieux les plus hostiles de notre plan\u00e8te. Elle les surnomme &lsquo;<em><strong>le peuple vrai<\/strong><\/em>&lsquo; et elle apprend leur civilisation.<br \/>\nGuid\u00e9e par cette connaissance, elle s\u2019\u00e9veille \u00e0 la nature du monde et comprend que la vie est un incroyable voyage.<br \/>\nUn texte dans la lign\u00e9e des romans d\u2019apprentissage.<\/p>\n<h2 style=\"text-align: justify;\"><strong><span style=\"color: #d2822d;\">LA COMPOSITION MUSICALE<\/span><\/strong><\/h2>\n<p style=\"margin-top: 10px; text-align: justify;\">On joue avec la forme classique (solos instrumentaux : Sonata, Partita et autre fugues de Bach) pour proposer des compositions aux harmonies contemporaines.<br \/>\nLes pi\u00e8ces sont jou\u00e9es tour \u00e0 tour au violon et \/ou violon t\u00e9nor \u00e9lectrique.<\/p>\n<p style=\"margin-top: 10px; text-align: justify;\"><strong>Premier registre \u2018NATURE\u2019<\/strong> : acoustique \/ aigu \/ d \u2019inspiration baroque.<br \/>\n<strong>Deuxi\u00e8me registre \u2018URBAIN\u2019<\/strong> : \u00e9lectrique \/ grave\/ doubles cordes et sensations rythmiques.<\/p>\n<h2 style=\"text-align: justify;\"><strong><span style=\"color: #d2822d;\">LES MOUVEMENTS<\/span><\/strong><\/h2>\n<p style=\"margin-top: 10px; text-align: justify;\">&#8211; [allegro semplice] &#8211; \u2018<strong>Une odeur de for\u00eat<\/strong>\u2019 : bribes d&rsquo;enfance<br \/>\n&#8211; [fugue] &#8211; \u2018<strong>Images et voyage<\/strong>\u2019 et \u2018<strong>Dans les villes<\/strong>\u2019 : de la vie d&rsquo;aujourd&rsquo;hui<br \/>\n&#8211; [moderato] &#8211; \u2018<strong>La chute<\/strong>\u2019 : une exp\u00e9rience impossible \u00e0 \u00e9viter<br \/>\n&#8211; [allegro vivace] &#8211; \u2018<strong>Un grand projet<\/strong>\u2019 : rencontre avec l&rsquo;art<\/p>\n<h2 style=\"text-align: justify;\"><strong><span style=\"color: #d2822d;\">LE TEXTE<\/span><\/strong><\/h2>\n<p style=\"margin-top: 10px; text-align: justify;\">fragments du roman \u00e9dit\u00e9 chez CLC \u00e9ditions, 2006 &#8211; <em><strong> <a href=\"http:\/\/www.francoiserenaud.com\/bibliographie\/ados-jeunesse\/la-peau-de-dingo\/\" target=\"_blank\" rel=\"noopener noreferrer\">pr\u00e9sentation de l&rsquo;ouvrage<\/a><\/strong><\/em><\/p>\n<p style=\"margin-top: 50px; text-align: right;\">DUR\u00c9E INDICATIVE : 1 h &#8211; Tout public<\/p>\n<p style=\"text-align: right;\"><em>UN TEMPS <em> DE RENCONTRE ET <\/em>D\u2019\u00c9CHANGE AVEC LE PUBLIC EST OFFERT PAR LES ARTISTES\u00a0<em>APR\u00c8S <\/em> CHAQUE <a href=\"..\/notre-repertoire\/\"><strong>LECTURE-CONCERT<\/strong><\/a>.<\/em><\/p>\n<p style=\"margin-top: 50px; text-align: right;\"><span style=\"color: #0080ab;\">INFORMATIONS &amp; DEVIS<br \/>\n<strong><a title=\"livremus@free.fr\" href=\"mailto:livremus@free.fr\">livremus<\/a><\/strong>(at)<strong>free.fr<br \/>\nFr\u00e9d\u00e9ric Tari : 06 08 78 89 90<br \/>\nFran\u00e7oise Renaud : 04 67 07 36 35<\/strong><\/span><\/p>\n","protected":false},"excerpt":{"rendered":"<p>Illustration : Denis Caporossi LA TRAME Sous l\u2019oeil attentif de sa grand-m\u00e8re Martha, femme de la trempe des sages et des chamans, la jeune Hilde va se passionner pour les livres et les arbres. Un jour elle d\u00e9couvre que des gens vivaient dans le d\u00e9sert australien, un des lieux les plus hostiles de notre plan\u00e8te. [&hellip;]<\/p>\n","protected":false},"author":1,"featured_media":0,"parent":12,"menu_order":5,"comment_status":"closed","ping_status":"closed","template":"","meta":{"footnotes":""},"class_list":["post-32","page","type-page","status-publish","hentry"],"_links":{"self":[{"href":"https:\/\/francoiserenaud.com\/vo\/wp-json\/wp\/v2\/pages\/32","targetHints":{"allow":["GET"]}}],"collection":[{"href":"https:\/\/francoiserenaud.com\/vo\/wp-json\/wp\/v2\/pages"}],"about":[{"href":"https:\/\/francoiserenaud.com\/vo\/wp-json\/wp\/v2\/types\/page"}],"author":[{"embeddable":true,"href":"https:\/\/francoiserenaud.com\/vo\/wp-json\/wp\/v2\/users\/1"}],"replies":[{"embeddable":true,"href":"https:\/\/francoiserenaud.com\/vo\/wp-json\/wp\/v2\/comments?post=32"}],"version-history":[{"count":23,"href":"https:\/\/francoiserenaud.com\/vo\/wp-json\/wp\/v2\/pages\/32\/revisions"}],"predecessor-version":[{"id":697,"href":"https:\/\/francoiserenaud.com\/vo\/wp-json\/wp\/v2\/pages\/32\/revisions\/697"}],"up":[{"embeddable":true,"href":"https:\/\/francoiserenaud.com\/vo\/wp-json\/wp\/v2\/pages\/12"}],"wp:attachment":[{"href":"https:\/\/francoiserenaud.com\/vo\/wp-json\/wp\/v2\/media?parent=32"}],"curies":[{"name":"wp","href":"https:\/\/api.w.org\/{rel}","templated":true}]}}