{"id":272,"date":"2011-12-14T20:54:37","date_gmt":"2011-12-14T19:54:37","guid":{"rendered":"http:\/\/francoiserenaud.com\/vo\/?page_id=272"},"modified":"2022-05-23T14:30:46","modified_gmt":"2022-05-23T12:30:46","slug":"saison-en-cours","status":"publish","type":"page","link":"https:\/\/francoiserenaud.com\/vo\/notre-duo\/saison-en-cours\/","title":{"rendered":"actualit\u00e9"},"content":{"rendered":"<h3>samedi 4 d\u00e9cembre 2022, \u00e0 19h<br \/>\nm\u00e9diath\u00e8que Maison du Bailli, Entre-Vignes (34)<\/h3>\n<p><iframe loading=\"lazy\" title=\"RICHARME - invitation \u00e0 la lecture-concert du 4 juin 2022\" width=\"460\" height=\"259\" src=\"https:\/\/www.youtube.com\/embed\/78N56HboY_Q?feature=oembed\" frameborder=\"0\" allow=\"accelerometer; autoplay; clipboard-write; encrypted-media; gyroscope; picture-in-picture; web-share\" referrerpolicy=\"strict-origin-when-cross-origin\" allowfullscreen><\/iframe><\/p>\n<p style=\"text-align: center;\"><a href=\"https:\/\/francoiserenaud.com\/vo\/wp-content\/uploads\/2022\/05\/Affiche-entre-vignes-Juin22-scaled.jpg\"><img loading=\"lazy\" decoding=\"async\" class=\"alignnone size-large wp-image-731\" src=\"https:\/\/francoiserenaud.com\/vo\/wp-content\/uploads\/2022\/05\/Affiche-entre-vignes-Juin22-724x1024.jpg\" alt=\"\" width=\"460\" height=\"651\" srcset=\"https:\/\/francoiserenaud.com\/vo\/wp-content\/uploads\/2022\/05\/Affiche-entre-vignes-Juin22-724x1024.jpg 724w, https:\/\/francoiserenaud.com\/vo\/wp-content\/uploads\/2022\/05\/Affiche-entre-vignes-Juin22-212x300.jpg 212w, https:\/\/francoiserenaud.com\/vo\/wp-content\/uploads\/2022\/05\/Affiche-entre-vignes-Juin22-768x1086.jpg 768w, https:\/\/francoiserenaud.com\/vo\/wp-content\/uploads\/2022\/05\/Affiche-entre-vignes-Juin22-1086x1536.jpg 1086w, https:\/\/francoiserenaud.com\/vo\/wp-content\/uploads\/2022\/05\/Affiche-entre-vignes-Juin22-1448x2048.jpg 1448w, https:\/\/francoiserenaud.com\/vo\/wp-content\/uploads\/2022\/05\/Affiche-entre-vignes-Juin22-scaled.jpg 1810w\" sizes=\"auto, (max-width: 460px) 100vw, 460px\" \/><\/a><\/p>\n<h3><\/h3>\n<h3><strong>juillet 2017<\/strong><\/h3>\n<p>ASSIS SUR LA FALAISE programm\u00e9 au festival de th\u00e9\u00e2tre de Saint Jean de Maurienne<br \/>\n(informations \u00e0 venir)<\/p>\n<p><strong>Dernier article de presse (Midi Libre, 7 janvier 2016)<\/strong><br \/>\n(pour lire, cliquer sur l&rsquo;image)<br \/>\n<a href=\"http:\/\/francoiserenaud.com\/vo\/wp-content\/uploads\/2011\/12\/2016__7janvier_MIDILIBRE_Falaise.jpg\" rel=\"attachment wp-att-638\"><img loading=\"lazy\" decoding=\"async\" class=\"alignnone wp-image-638\" src=\"http:\/\/francoiserenaud.com\/vo\/wp-content\/uploads\/2011\/12\/2016__7janvier_MIDILIBRE_Falaise-1024x999.jpg\" alt=\"article MIDILIBRE du 7 janvier 2016\" width=\"516\" height=\"503\" srcset=\"https:\/\/francoiserenaud.com\/vo\/wp-content\/uploads\/2011\/12\/2016__7janvier_MIDILIBRE_Falaise-1024x999.jpg 1024w, https:\/\/francoiserenaud.com\/vo\/wp-content\/uploads\/2011\/12\/2016__7janvier_MIDILIBRE_Falaise-300x293.jpg 300w, https:\/\/francoiserenaud.com\/vo\/wp-content\/uploads\/2011\/12\/2016__7janvier_MIDILIBRE_Falaise-768x750.jpg 768w, https:\/\/francoiserenaud.com\/vo\/wp-content\/uploads\/2011\/12\/2016__7janvier_MIDILIBRE_Falaise-900x878.jpg 900w, https:\/\/francoiserenaud.com\/vo\/wp-content\/uploads\/2011\/12\/2016__7janvier_MIDILIBRE_Falaise.jpg 1751w\" sizes=\"auto, (max-width: 516px) 100vw, 516px\" \/><\/a><\/p>\n<p><a href=\"http:\/\/francoiserenaud.com\/vo\/wp-content\/uploads\/2011\/12\/2013_VI_promo2.jpg\"><img loading=\"lazy\" decoding=\"async\" class=\"alignnone wp-image-518\" src=\"http:\/\/francoiserenaud.com\/vo\/wp-content\/uploads\/2011\/12\/2013_VI_promo2.jpg\" alt=\"Nos spectacles 2013\/2014\" width=\"458\" height=\"1251\" \/><\/a><\/p>\n","protected":false},"excerpt":{"rendered":"<p>samedi 4 d\u00e9cembre 2022, \u00e0 19h m\u00e9diath\u00e8que Maison du Bailli, Entre-Vignes (34) juillet 2017 ASSIS SUR LA FALAISE programm\u00e9 au festival de th\u00e9\u00e2tre de Saint Jean de Maurienne (informations \u00e0 venir) Dernier article de presse (Midi Libre, 7 janvier 2016) (pour lire, cliquer sur l&rsquo;image)<\/p>\n","protected":false},"author":1,"featured_media":0,"parent":10,"menu_order":3,"comment_status":"closed","ping_status":"closed","template":"","meta":{"footnotes":""},"class_list":["post-272","page","type-page","status-publish","hentry"],"_links":{"self":[{"href":"https:\/\/francoiserenaud.com\/vo\/wp-json\/wp\/v2\/pages\/272","targetHints":{"allow":["GET"]}}],"collection":[{"href":"https:\/\/francoiserenaud.com\/vo\/wp-json\/wp\/v2\/pages"}],"about":[{"href":"https:\/\/francoiserenaud.com\/vo\/wp-json\/wp\/v2\/types\/page"}],"author":[{"embeddable":true,"href":"https:\/\/francoiserenaud.com\/vo\/wp-json\/wp\/v2\/users\/1"}],"replies":[{"embeddable":true,"href":"https:\/\/francoiserenaud.com\/vo\/wp-json\/wp\/v2\/comments?post=272"}],"version-history":[{"count":28,"href":"https:\/\/francoiserenaud.com\/vo\/wp-json\/wp\/v2\/pages\/272\/revisions"}],"predecessor-version":[{"id":737,"href":"https:\/\/francoiserenaud.com\/vo\/wp-json\/wp\/v2\/pages\/272\/revisions\/737"}],"up":[{"embeddable":true,"href":"https:\/\/francoiserenaud.com\/vo\/wp-json\/wp\/v2\/pages\/10"}],"wp:attachment":[{"href":"https:\/\/francoiserenaud.com\/vo\/wp-json\/wp\/v2\/media?parent=272"}],"curies":[{"name":"wp","href":"https:\/\/api.w.org\/{rel}","templated":true}]}}