{"id":25,"date":"2011-12-14T11:04:56","date_gmt":"2011-12-14T10:04:56","guid":{"rendered":"http:\/\/francoiserenaud.com\/vo\/?page_id=25"},"modified":"2015-12-04T17:15:04","modified_gmt":"2015-12-04T16:15:04","slug":"le-regard-du-pere","status":"publish","type":"page","link":"https:\/\/francoiserenaud.com\/vo\/notre-repertoire\/le-regard-du-pere\/","title":{"rendered":"&#8211; le regard du p\u00e8re"},"content":{"rendered":"<p style=\"margin-top: 30px;\"><a href=\"http:\/\/www.francoiserenaud.com\/blog\/lectures-concerts\/le-regard-du-pere\/\" target=\"_blank\"><img loading=\"lazy\" decoding=\"async\" class=\"alignnone size-full wp-image-3929\" style=\"border: 2px solid black; margin: 0.5px;\" title=\"duo VOYAGES IMMOBILES - le regard du p\u00e8re\" src=\"http:\/\/francoiserenaud.com\/vo\/wp-content\/uploads\/2011\/12\/RegardDuPere_bleu.jpg\" alt=\"\" width=\"300\" height=\"300\" \/><\/a><\/p>\n<h2><strong><span style=\"color: #d2822d;\">LA TRAME<\/span><\/strong><\/h2>\n<p style=\"margin-top: 10px;\">L\u2019auteur explore ce qui la s\u00e9pare de son p\u00e8re, un homme n\u00e9 en Bretagne en 1923.<\/p>\n<p>Entre eux, un foss\u00e9 s\u2019est creus\u00e9 au fil des ann\u00e9es au point qu\u2019on croit tout rapprochement impossible. Un texte \u00e2pre et d\u2019une rare \u00e9motion qui, \u00e0 travers l\u2019histoire intime d\u2019une famille, aborde les mutations v\u00e9cues par notre soci\u00e9t\u00e9 au cours du XXe si\u00e8cle.<br \/>\n<strong>L\u2019auteur parle aussi de son d\u00e9sir d\u2019\u00eatre n\u00e9e de l\u2019amour, de sa naissance \u00e0 l\u2019\u00e9criture.<\/strong><\/p>\n<h2><strong><span style=\"color: #d2822d;\">LA COMPOSITION MUSICALE<\/span><\/strong><\/h2>\n<p style=\"margin-top: 10px;\">Fr\u00e9d\u00e9ric Tari s\u2019est laiss\u00e9 guid\u00e9 par des images et des sentiments li\u00e9s au pays breton, un certain chromatisme dans les verts et les gris. Sa musique \u0153uvre dans la trame de l\u2019intime et propose \u00e0 la voix un \u00e9crin : doux et consolateur.<br \/>\nD\u2019abord a\u00e9rien, le violon acoustique devient plaintif, puis m\u00e9lancolique avant de s\u2019apaiser. Il explore le champ de l\u2019\u00e9vocation et travaille la mati\u00e8re des sons.<br \/>\nProc\u00e9d\u00e9s improvis\u00e9s et techniques de textures sonores. (souffl\u00e9s, pizzicatti&#8230;)<\/p>\n<h2><strong><span style=\"color: #d2822d;\">LES MOUVEMENTS<\/span><\/strong><\/h2>\n<p style=\"margin-top: 10px;\">&#8211; [rubato leggiero] &#8211; \u2018<strong>L\u2019a\u00e9roport<\/strong>\u2019<br \/>\n&#8211; [largo mesto]- \u2018<strong>Aux temps mauvais<\/strong>\u2019<br \/>\n&#8211; [balade] &#8211; \u2018<strong>Sur la corniche<\/strong>\u2019<br \/>\n&#8211; [voix seule] &#8211; \u2018<strong>Blanc au-del\u00e0 du blanc<\/strong>\u2019, violent et virginal<br \/>\n&#8211; [adagio tranquillo] &#8211; \u2018<strong>Au jardin<\/strong>\u2019<\/p>\n<h2><strong><span style=\"color: #d2822d;\">LE TEXTE<\/span><\/strong><\/h2>\n<p style=\"margin-top: 10px;\">fragments du roman \u00e9dit\u00e9 chez AEDIS, 2006 &#8211;<span style=\"color: #d2822d;\"><strong><a href=\"http:\/\/www.francoiserenaud.com\/bibliographie\/romans-recits\/le-regard-du-pere\/\" target=\"_blank\"> <em>pr\u00e9sentation de l&rsquo;ouvrage<\/em><\/a><\/strong><\/span><\/p>\n<p style=\"text-align: right;\">DUR\u00c9E INDICATIVE : 50 mn &#8211; Pour adultes<\/p>\n<p style=\"text-align: right;\"><em>UN TEMPS <em> DE RENCONTRE ET <\/em>D\u2019\u00c9CHANGE AVEC LE PUBLIC EST OFFERT PAR LES ARTISTES\u00a0<em>APR\u00c8S <\/em> CHAQUE<strong> <\/strong><a href=\"..\/notre-repertoire\/\"><strong>LECTURE-CONCERT<\/strong><\/a>.<\/em><\/p>\n<p style=\"margin-top: 50px; text-align: right;\"><span style=\"color: #0080ab;\">INFORMATIONS &amp; DEVIS<br \/>\n<strong><a title=\"livremus@free.fr\" href=\"mailto:livremus@free.fr\">livremus<\/a><\/strong>(at)<strong>free.fr<br \/>\nFr\u00e9d\u00e9ric Tari : 06 08 78 89 90<br \/>\nFran\u00e7oise Renaud : 09 84 39 64 26<\/strong><\/span><\/p>\n","protected":false},"excerpt":{"rendered":"<p>LA TRAME L\u2019auteur explore ce qui la s\u00e9pare de son p\u00e8re, un homme n\u00e9 en Bretagne en 1923. Entre eux, un foss\u00e9 s\u2019est creus\u00e9 au fil des ann\u00e9es au point qu\u2019on croit tout rapprochement impossible. Un texte \u00e2pre et d\u2019une rare \u00e9motion qui, \u00e0 travers l\u2019histoire intime d\u2019une famille, aborde les mutations v\u00e9cues par notre [&hellip;]<\/p>\n","protected":false},"author":1,"featured_media":0,"parent":12,"menu_order":6,"comment_status":"closed","ping_status":"closed","template":"","meta":{"footnotes":""},"class_list":["post-25","page","type-page","status-publish","hentry"],"_links":{"self":[{"href":"https:\/\/francoiserenaud.com\/vo\/wp-json\/wp\/v2\/pages\/25","targetHints":{"allow":["GET"]}}],"collection":[{"href":"https:\/\/francoiserenaud.com\/vo\/wp-json\/wp\/v2\/pages"}],"about":[{"href":"https:\/\/francoiserenaud.com\/vo\/wp-json\/wp\/v2\/types\/page"}],"author":[{"embeddable":true,"href":"https:\/\/francoiserenaud.com\/vo\/wp-json\/wp\/v2\/users\/1"}],"replies":[{"embeddable":true,"href":"https:\/\/francoiserenaud.com\/vo\/wp-json\/wp\/v2\/comments?post=25"}],"version-history":[{"count":20,"href":"https:\/\/francoiserenaud.com\/vo\/wp-json\/wp\/v2\/pages\/25\/revisions"}],"predecessor-version":[{"id":627,"href":"https:\/\/francoiserenaud.com\/vo\/wp-json\/wp\/v2\/pages\/25\/revisions\/627"}],"up":[{"embeddable":true,"href":"https:\/\/francoiserenaud.com\/vo\/wp-json\/wp\/v2\/pages\/12"}],"wp:attachment":[{"href":"https:\/\/francoiserenaud.com\/vo\/wp-json\/wp\/v2\/media?parent=25"}],"curies":[{"name":"wp","href":"https:\/\/api.w.org\/{rel}","templated":true}]}}