{"id":21,"date":"2011-12-14T11:03:40","date_gmt":"2011-12-14T10:03:40","guid":{"rendered":"http:\/\/francoiserenaud.com\/vo\/?page_id=21"},"modified":"2018-01-31T11:44:59","modified_gmt":"2018-01-31T10:44:59","slug":"assis-sur-la-falaise","status":"publish","type":"page","link":"https:\/\/francoiserenaud.com\/vo\/notre-repertoire\/assis-sur-la-falaise\/","title":{"rendered":"&#8211; assis sur la falaise"},"content":{"rendered":"<p style=\"margin-top: 30px; padding-left: 30px;\"><a href=\"http:\/\/www.francoiserenaud.com\/blog\/lectures-concerts\/assis-sur-la-falaise\/\" target=\"_blank\" rel=\"noopener noreferrer\"><img loading=\"lazy\" decoding=\"async\" class=\"alignnone size-full wp-image-3920\" style=\"border: 2px solid black; margin: 0.5px;\" title=\"duo VOYAGES IMMOBILES - assis sur la falaise\" src=\"http:\/\/francoiserenaud.com\/vo\/wp-content\/uploads\/2011\/12\/ASLF.jpg\" alt=\"\" width=\"300\" height=\"300\" \/><\/a><\/p>\n<h4 style=\"text-align: right;\"><span style=\"color: #d2822d;\"><strong>SPECTACLE \u00c0 DEUX VOIX ET EN CINQ MOUVEMENTS <\/strong><\/span><\/h4>\n<p style=\"text-align: right;\"><span style=\"color: #d2822d;\">mise en sc\u00e8ne : <a title=\"Laurent Dhume et la cie Cause Toujours\" href=\"http:\/\/ctoujours.free.fr\/\" target=\"_blank\" rel=\"noopener noreferrer\"><strong>Laurent Dhume<\/strong><\/a><br \/>\ncostumes<strong> : V\u00e9ronique Roug\u00e9 <\/strong><\/span><\/p>\n<h3><a href=\"http:\/\/francoiserenaud.com\/vo\/wp-content\/uploads\/2011\/12\/ASLF_son_DVD_2005.mp3\" target=\"_blank\" rel=\"noopener noreferrer\">\u00a0\u00a0\u00a0\u00a0\u00a0\u00a0\u00a0\u00a0\u00a0\u00a0\u00a0\u00a0\u00a0\u00a0 \u00e9couter un extrait \u2022\u2022\u2022<\/a><\/h3>\n<p><span style=\"color: #ffcc00;\"><strong><a title=\"\u00e9couter un extrait d'assis sur la falaise\" href=\"http:\/\/francoiserenaud.com\/vo\/wp-content\/uploads\/2011\/12\/ASLF_son_DVD_2005.mp3\" target=\"_blank\" rel=\"noopener noreferrer\"><img loading=\"lazy\" decoding=\"async\" title=\"\u00e9couter un extrait d'assis sur la falaise\" src=\"http:\/\/francoiserenaud.com\/vo\/wp-content\/uploads\/2011\/12\/HP.png\" alt=\"Ecouter...\" width=\"70\" height=\"70\" \/><\/a><\/strong><\/span><\/p>\n<h2 style=\"text-align: justify;\"><strong><span style=\"color: #d2822d;\">LA TRAME<\/span><\/strong><\/h2>\n<p style=\"margin-top: 10px; text-align: justify;\">Une jeune fille s\u2019adresse \u00e0 un gar\u00e7on &#8211; athl\u00e8te guerrier des temps modernes &#8211; qu\u2019elle a c\u00f4toy\u00e9 et admir\u00e9. Elle \u00e9voque sa beaut\u00e9, sa solitude, et puis sa terrible aventure jusqu\u2019au bout de la nuit.<\/p>\n<p style=\"text-align: justify;\">Chacun mesure l\u2019empreinte qu\u2019il a laiss\u00e9e dans le c\u0153ur de ceux qui l\u2019ont connu ou simplement crois\u00e9.<\/p>\n<h2 style=\"text-align: justify;\"><strong><span style=\"color: #d2822d;\">LA COMPOSITION MUSICALE<\/span><\/strong><\/h2>\n<p style=\"margin-top: 10px; text-align: justify;\">Les violons &#8211; soprano acoustique et t\u00e9nor \u00e9lectrique &#8211; travaillent en contrepoint de la voix, s\u2019appuyant sur des s\u00e9quences diffus\u00e9es. La voix devient capable de musique. Complicit\u00e9, \u00e9ventail de nuances entre silence, tendresse et violence.<br \/>\nL\u2019ensemble est une \u00e9pure.<br \/>\nLes influences : de Bach aux musiques traditionnelles de l\u2019Asie en passant par la cr\u00e9ation contemporaine.<\/p>\n<h2 style=\"text-align: justify;\"><strong><span style=\"color: #d2822d;\">CINQ MOUVEMENTS<\/span><\/strong><\/h2>\n<p style=\"margin-top: 10px; text-align: justify;\">&#8211; [andante]- <strong>\u2018tu marchais\u2019<\/strong> &#8211; La jeune fille se souvient de ce gar\u00e7on si impressionnant.<br \/>\n&#8211; [largo]- \u2018<strong>la peur<\/strong>\u2019 &#8211; \u00c0 l\u2019heure du combat&#8230;<br \/>\n&#8211; [adagio cantabile]- <strong>\u2018les cimes himalayennes\u2019 <\/strong>&#8211; Le h\u00e9ros projetait de voyager jusqu \u2019au N\u00e9pal.<br \/>\n&#8211; [rubato furioso]- <strong>\u2018la r\u00e9volte\u2019<\/strong> &#8211; Quand bien m\u00eame il avait atteint les sommets de la gloire, le guerrier demeurait insatisfait, r\u00eavait d\u2019autre chose.<br \/>\n&#8211; [allegro dolce]- <strong>\u2018doux comme la nuit\u2019<\/strong> &#8211; L\u00e0 se joue le myst\u00e8re.<\/p>\n<h2 style=\"text-align: justify;\"><strong><span style=\"color: #d2822d;\">LE LIVRE<\/span><\/strong><\/h2>\n<p style=\"text-align: justify;\">r\u00e9cit paru chez CLC \u00e9ditions, 2003 &#8211;<span style=\"color: #ffcc00;\"> <em><strong><a href=\"http:\/\/www.francoiserenaud.com\/bibliographie\/romans-recits\/assis-sur-la-falaise\/\" target=\"_blank\" rel=\"noopener noreferrer\">pr\u00e9sentation de l&rsquo;ouvrage<br \/>\n<\/a><\/strong><\/em><\/span><\/p>\n<p style=\"margin-top: 30px; text-align: right;\">DUR\u00c9E INDICATIVE : 1 h &#8211; Pour adultes<\/p>\n<p style=\"text-align: right;\"><em>UN TEMPS <em> DE RENCONTRE ET <\/em>D\u2019\u00c9CHANGE AVEC LE PUBLIC EST OFFERT PAR LES ARTISTES\u00a0<em>APR\u00c8S <\/em> CHAQUE <a href=\"..\/notre-repertoire\/\"><strong>LECTURE-CONCERT<\/strong><\/a>.<\/em><\/p>\n<p style=\"margin-top: 50px; text-align: right;\"><span style=\"color: #0080ab;\">INFORMATIONS &amp; DEVIS<br \/>\n<strong><a title=\"livremus@free.fr\" href=\"mailto:livremus@free.fr\">livremus<\/a><\/strong>(at)<strong>free.fr<br \/>\nFr\u00e9d\u00e9ric Tari : 06 08 78 89 90<br \/>\nFran\u00e7oise Renaud : 09 84 39 64 26<\/strong><\/span><\/p>\n","protected":false},"excerpt":{"rendered":"<p>SPECTACLE \u00c0 DEUX VOIX ET EN CINQ MOUVEMENTS mise en sc\u00e8ne : Laurent Dhume costumes : V\u00e9ronique Roug\u00e9 \u00a0\u00a0\u00a0\u00a0\u00a0\u00a0\u00a0\u00a0\u00a0\u00a0\u00a0\u00a0\u00a0\u00a0 \u00e9couter un extrait \u2022\u2022\u2022 LA TRAME Une jeune fille s\u2019adresse \u00e0 un gar\u00e7on &#8211; athl\u00e8te guerrier des temps modernes &#8211; qu\u2019elle a c\u00f4toy\u00e9 et admir\u00e9. Elle \u00e9voque sa beaut\u00e9, sa solitude, et puis sa terrible aventure [&hellip;]<\/p>\n","protected":false},"author":1,"featured_media":0,"parent":12,"menu_order":2,"comment_status":"closed","ping_status":"closed","template":"","meta":{"footnotes":""},"class_list":["post-21","page","type-page","status-publish","hentry"],"_links":{"self":[{"href":"https:\/\/francoiserenaud.com\/vo\/wp-json\/wp\/v2\/pages\/21","targetHints":{"allow":["GET"]}}],"collection":[{"href":"https:\/\/francoiserenaud.com\/vo\/wp-json\/wp\/v2\/pages"}],"about":[{"href":"https:\/\/francoiserenaud.com\/vo\/wp-json\/wp\/v2\/types\/page"}],"author":[{"embeddable":true,"href":"https:\/\/francoiserenaud.com\/vo\/wp-json\/wp\/v2\/users\/1"}],"replies":[{"embeddable":true,"href":"https:\/\/francoiserenaud.com\/vo\/wp-json\/wp\/v2\/comments?post=21"}],"version-history":[{"count":33,"href":"https:\/\/francoiserenaud.com\/vo\/wp-json\/wp\/v2\/pages\/21\/revisions"}],"predecessor-version":[{"id":694,"href":"https:\/\/francoiserenaud.com\/vo\/wp-json\/wp\/v2\/pages\/21\/revisions\/694"}],"up":[{"embeddable":true,"href":"https:\/\/francoiserenaud.com\/vo\/wp-json\/wp\/v2\/pages\/12"}],"wp:attachment":[{"href":"https:\/\/francoiserenaud.com\/vo\/wp-json\/wp\/v2\/media?parent=21"}],"curies":[{"name":"wp","href":"https:\/\/api.w.org\/{rel}","templated":true}]}}