{"id":17,"date":"2011-12-14T11:01:58","date_gmt":"2011-12-14T10:01:58","guid":{"rendered":"http:\/\/francoiserenaud.com\/vo\/?page_id=17"},"modified":"2021-03-01T19:02:12","modified_gmt":"2021-03-01T18:02:12","slug":"au-dela-du-blanc","status":"publish","type":"page","link":"https:\/\/francoiserenaud.com\/vo\/notre-repertoire\/au-dela-du-blanc\/","title":{"rendered":"&#8211; au-del\u00e0 du blanc"},"content":{"rendered":"<p style=\"margin-top: 30px;\"><img loading=\"lazy\" decoding=\"async\" class=\"alignnone size-medium wp-image-3918\" style=\"border: 2px solid black; margin: 0.5px;\" title=\"duo VOYAGES IMMOBILES - au-del\u00e0 du blanc\" src=\"http:\/\/francoiserenaud.com\/vo\/wp-content\/uploads\/2011\/12\/ombrelle_sepia.jpg\" alt=\"\" width=\"300\" height=\"300\" \/><\/p>\n<h3><a href=\"http:\/\/francoiserenaud.com\/vo\/wp-content\/uploads\/2011\/12\/Tari+Renaud_2012-1122_au-dela_du_blanc_Atelier_Demo.mp3\" target=\"_blank\" rel=\"noopener noreferrer\">\u00e9couter un extrait \u2022\u2022\u2022\u00a0 <\/a><strong><a title=\"\u00e9couter un extrait d'en voyage\" href=\"http:\/\/francoiserenaud.com\/vo\/wp-content\/uploads\/2011\/12\/Tari+Renaud_2012-1122_au-dela_du_blanc_Atelier_Demo.mp3\" target=\"_blank\" rel=\"noopener noreferrer\"><img loading=\"lazy\" decoding=\"async\" class=\"\" title=\"\u00e9couter un extrait d'au-del\u00e0 du blanc\" src=\"http:\/\/francoiserenaud.com\/vo\/wp-content\/uploads\/2011\/12\/HP.png\" alt=\"Ecouter...\" width=\"57\" height=\"57\" \/><\/a><\/strong><\/h3>\n<h3><a href=\"https:\/\/www.youtube.com\/watch?v=1-HUi7gZ5-4\" target=\"_blank\" rel=\"noopener noreferrer\">regarder un diaporama musical&#8230;<\/a><\/h3>\n<p><iframe loading=\"lazy\" title=\"RICHARME - Au-del\u00e0 du blanc\" width=\"460\" height=\"345\" src=\"https:\/\/www.youtube.com\/embed\/2k82_r0t-Fo?feature=oembed\" frameborder=\"0\" allow=\"accelerometer; autoplay; clipboard-write; encrypted-media; gyroscope; picture-in-picture; web-share\" referrerpolicy=\"strict-origin-when-cross-origin\" allowfullscreen><\/iframe><\/p>\n<h2 style=\"text-align: justify;\"><strong><span style=\"color: #d2822d;\">LA TRAME<\/span><\/strong><\/h2>\n<p style=\"margin-top: 10px; text-align: justify;\">L\u2019\u00e9crivain raconte le peintre <strong>Richarme<\/strong>, figure disparue des cercles artistiques montpelli\u00e9rains.<br \/>\nCette femme, n\u00e9e en Chine, avait consacr\u00e9 sa vie \u00e0 l\u2019art et son travail a compt\u00e9 dans la peinture de son \u00e9poque.<br \/>\nLa lecture propose une alternance de fragments biographiques et de descriptions de tableaux, rythm\u00e9e par le passage du temps, symbolis\u00e9 sur sc\u00e8ne par un calendrier de dates lentement \u00e9gren\u00e9. La forme, fluide et originale, donne \u00e0 ressentir au spectateur les diff\u00e9rentes dimensions de la vie et de l\u2019oeuvre de l\u2019artiste.<\/p>\n<h2 style=\"text-align: justify;\"><strong><span style=\"color: #d2822d;\">LA COMPOSITION MUSICALE<\/span><\/strong><\/h2>\n<p style=\"margin-top: 10px; text-align: justify;\">Colette Richarme allait souvent au concert. Ses sens \u00e9taient aiguis\u00e9s \u00e0 un point que nul ne peut imaginer. Fr\u00e9d\u00e9ric Tari s\u2019est laiss\u00e9 inspir\u00e9 par l\u2019\u00e9nergie cr\u00e9atrice qui devait la poss\u00e9der quand elle demeurait dans son atelier. Aussi par son enfance chinoise et sa relation particuli\u00e8re au p\u00e8re.<br \/>\nDes compositions musicales ont \u00e9merg\u00e9, refl\u00e9tant la diversit\u00e9 des \u00e9tats de vibration int\u00e9rieure, d\u2019\u00e9motions m\u00e9lancoliques ou extatiques. Au centre, le violon. Et &#8211; pour la premi\u00e8re fois &#8211; piano et chant, prolongement n\u00e9cessaire de la voix de Richarme.<\/p>\n<p style=\"margin-top: 10px; text-align: justify;\"><strong>Entre musique traditionnelle et \u0153uvre contemporaine, un cheminement in\u00e9dit inspir\u00e9 par le tango argentin, la ballade du Midwest et la musique italienne.<\/strong><\/p>\n<h2 style=\"text-align: justify;\"><strong><span style=\"color: #d2822d;\">LES MOUVEMENTS<\/span><\/strong><\/h2>\n<p style=\"margin-top: 10px; text-align: justify;\">&#8211; [andante espressivo] &#8211; \u2018<strong>Blanc premier\u2019<\/strong> &#8211; fin et naissance<br \/>\n&#8211; [allegro vivace] &#8211; \u2018<strong>Sensualit\u00e9 <\/strong>\u2019 &#8211; les lys<br \/>\n&#8211; [adagio simplice] &#8211; \u2018<strong>Ce que la toile raconte<\/strong>\u2019<br \/>\n&#8211; [moderato cantabile] &#8211; \u2018<strong>L\u2019avion rouge<\/strong>\u2019<br \/>\n&#8211; [presto leggiero] &#8211; \u2018<strong>\u00c0 l\u2019atelier<\/strong>\u2019<\/p>\n<h2 style=\"text-align: justify;\"><strong><span style=\"color: #d2822d;\">LE TEXTE<\/span><\/strong><\/h2>\n<p style=\"margin-top: 10px; text-align: justify;\">fragments du r\u00e9cit paru aux \u00e9ditions CLC, 2010<br \/>\n<em><strong><a href=\"http:\/\/www.francoiserenaud.com\/bibliographie\/romans-recits\/au-dela-du-blanc-richarme-1904-1991\/\" target=\"_blank\" rel=\"noopener noreferrer\">pr\u00e9sentation de l&rsquo;ouvrage<\/a><\/strong><\/em><\/p>\n<p style=\"margin-top: 10px; text-align: justify;\"><a title=\"site du peintre RICHARME\" href=\"http:\/\/richarme.org\/\" target=\"_blank\" rel=\"noopener noreferrer\"><em><strong>site du peintre Richarme<\/strong><\/em><\/a><\/p>\n<p style=\"margin-top: 30px; text-align: right;\">DUR\u00c9E INDICATIVE : 50 mn &#8211; Pour adultes<\/p>\n<p style=\"text-align: right;\"><em>UN TEMPS DE RENCONTRE ET D\u2019\u00c9CHANGE AVEC LE PUBLIC EST OFFERT PAR LES ARTISTES <\/em><em><em>APR\u00c8S <\/em> CHAQUE <a href=\"..\/notre-repertoire\/\"><strong>LECTURE-CONCERT<\/strong><\/a>.<\/em><\/p>\n<p style=\"margin-top: 50px; text-align: right;\"><span style=\"color: #0080ab;\">INFORMATIONS &amp; DEVIS<br \/>\n<strong><a title=\"livremus@free.fr\" href=\"mailto:livremus@free.fr\">livremus<\/a><\/strong>(at)<strong>free.fr<br \/>\nFr\u00e9d\u00e9ric Tari : 06 08 78 89 90<br \/>\nFran\u00e7oise Renaud : 09 84 39 64 26<\/strong><br \/>\n<\/span><\/p>\n","protected":false},"excerpt":{"rendered":"<p>\u00e9couter un extrait \u2022\u2022\u2022\u00a0 regarder un diaporama musical&#8230; LA TRAME L\u2019\u00e9crivain raconte le peintre Richarme, figure disparue des cercles artistiques montpelli\u00e9rains. Cette femme, n\u00e9e en Chine, avait consacr\u00e9 sa vie \u00e0 l\u2019art et son travail a compt\u00e9 dans la peinture de son \u00e9poque. La lecture propose une alternance de fragments biographiques et de descriptions de [&hellip;]<\/p>\n","protected":false},"author":1,"featured_media":0,"parent":12,"menu_order":1,"comment_status":"closed","ping_status":"closed","template":"","meta":{"footnotes":""},"class_list":["post-17","page","type-page","status-publish","hentry"],"_links":{"self":[{"href":"https:\/\/francoiserenaud.com\/vo\/wp-json\/wp\/v2\/pages\/17","targetHints":{"allow":["GET"]}}],"collection":[{"href":"https:\/\/francoiserenaud.com\/vo\/wp-json\/wp\/v2\/pages"}],"about":[{"href":"https:\/\/francoiserenaud.com\/vo\/wp-json\/wp\/v2\/types\/page"}],"author":[{"embeddable":true,"href":"https:\/\/francoiserenaud.com\/vo\/wp-json\/wp\/v2\/users\/1"}],"replies":[{"embeddable":true,"href":"https:\/\/francoiserenaud.com\/vo\/wp-json\/wp\/v2\/comments?post=17"}],"version-history":[{"count":48,"href":"https:\/\/francoiserenaud.com\/vo\/wp-json\/wp\/v2\/pages\/17\/revisions"}],"predecessor-version":[{"id":718,"href":"https:\/\/francoiserenaud.com\/vo\/wp-json\/wp\/v2\/pages\/17\/revisions\/718"}],"up":[{"embeddable":true,"href":"https:\/\/francoiserenaud.com\/vo\/wp-json\/wp\/v2\/pages\/12"}],"wp:attachment":[{"href":"https:\/\/francoiserenaud.com\/vo\/wp-json\/wp\/v2\/media?parent=17"}],"curies":[{"name":"wp","href":"https:\/\/api.w.org\/{rel}","templated":true}]}}