{"id":12,"date":"2011-12-14T10:57:08","date_gmt":"2011-12-14T09:57:08","guid":{"rendered":"http:\/\/francoiserenaud.com\/vo\/?page_id=12"},"modified":"2013-05-09T12:25:07","modified_gmt":"2013-05-09T10:25:07","slug":"notre-repertoire","status":"publish","type":"page","link":"https:\/\/francoiserenaud.com\/vo\/notre-repertoire\/","title":{"rendered":"notre r\u00e9pertoire"},"content":{"rendered":"<h2 style=\"margin-top: 30px;\"><a href=\" http:\/\/francoiserenaud.com\/vo\/au-dela-du-blanc\/\" target=\"_blank\"><img loading=\"lazy\" decoding=\"async\" class=\"alignnone size-full wp-image-3918\" style=\"border: 2px solid black; margin: 0.5px;\" title=\"duo VOYAGES IMMOBILES - notre r\u00e9pertoire\" src=\"http:\/\/francoiserenaud.com\/vo\/wp-content\/uploads\/2011\/12\/ombrelle_sepia.jpg\" alt=\"\" width=\"77\" height=\"77\" \/><\/a> <a href=\"http:\/\/francoiserenaud.com\/vo\/assis-sur-la-falaise\/\" target=\"_blank\"><img decoding=\"async\" class=\"alignnone size-thumbnail wp-image-3920\" style=\"border: 2px solid black; margin: 0.5px;\" title=\"duo VOYAGES IMMOBILES - notre r\u00e9pertoire\" src=\"http:\/\/francoiserenaud.com\/vo\/wp-content\/uploads\/2011\/12\/ASLF.jpg\" alt=\"\" width=\"77&quot;\" height=\"77\" \/><\/a> <a href=\"http:\/\/francoiserenaud.com\/vo\/en-voyage\/\" target=\"_blank\"><img loading=\"lazy\" decoding=\"async\" class=\"alignnone size-thumbnail wp-image-3923\" style=\"margin: 0.5px; border: 2px solid black;\" title=\"duo VOYAGES IMMOBILES - notre r\u00e9pertoire\" src=\"http:\/\/francoiserenaud.com\/vo\/wp-content\/uploads\/2011\/12\/envoyage.jpg\" alt=\"\" width=\"77\" height=\"77\" \/> <\/a><a href=\"http:\/\/francoiserenaud.com\/vo\/notre-repertoire\/mer\/\" target=\"_blank\"><img loading=\"lazy\" decoding=\"async\" class=\"alignnone  wp-image-445\" style=\"border: 2px solid black;\" title=\"duo VOYAGES IMMOBILES - notre r\u00e9pertoire\" src=\"http:\/\/francoiserenaud.com\/vo\/wp-content\/uploads\/2013\/04\/essai11-300x300.jpg\" alt=\"\" width=\"77\" height=\"77\" srcset=\"https:\/\/francoiserenaud.com\/vo\/wp-content\/uploads\/2013\/04\/essai11-300x300.jpg 300w, https:\/\/francoiserenaud.com\/vo\/wp-content\/uploads\/2013\/04\/essai11-150x150.jpg 150w, https:\/\/francoiserenaud.com\/vo\/wp-content\/uploads\/2013\/04\/essai11.jpg 361w\" sizes=\"auto, (max-width: 77px) 100vw, 77px\" \/><\/a><a href=\"http:\/\/francoiserenaud.com\/vo\/en-voyage\/\" target=\"_blank\"><br \/>\n<\/a><a href=\"http:\/\/francoiserenaud.com\/vo\/la-peau-de-dingo\/\" target=\"_blank\"><img loading=\"lazy\" decoding=\"async\" class=\"alignnone size-thumbnail wp-image-3926\" style=\"border: 2px solid black; margin: 0.5px;\" title=\"duo VOYAGES IMMOBILES - notre r\u00e9pertoire\" src=\"http:\/\/francoiserenaud.com\/vo\/wp-content\/uploads\/2011\/12\/guerisseuse_cuivre.jpg\" alt=\"\" width=\"77\" height=\"77\" \/><\/a> <a href=\"http:\/\/francoiserenaud.com\/vo\/le-regard-du-pere\/\" target=\"_blank\"><img loading=\"lazy\" decoding=\"async\" class=\"alignnone size-thumbnail wp-image-3929\" style=\"border: 2px solid black; margin: 0.5px;\" title=\"duo VOYAGES IMMOBILES - notre r\u00e9pertoire\" src=\"http:\/\/francoiserenaud.com\/vo\/wp-content\/uploads\/2011\/12\/RegardDuPere_bleu.jpg\" alt=\"\" width=\"77\" height=\"77\" \/><\/a><\/h2>\n<h2 style=\"margin-top: 50px;\"><span style=\"color: #000000;\"><strong>AU-DEL\u00c0 DU BLANC &#8211; Richarme (1904-1991)<\/strong><\/span><\/h2>\n<p><a href=\"http:\/\/francoiserenaud.com\/vo\/au-dela-du-blanc\/\" target=\"_blank\"><img loading=\"lazy\" decoding=\"async\" class=\"alignnone  wp-image-3918\" style=\"border: 2px solid black; margin: 0.5px;\" title=\"duo VOYAGES IMMOBILES - notre r\u00e9pertoire\" src=\"http:\/\/francoiserenaud.com\/vo\/wp-content\/uploads\/2011\/12\/ombrelle_sepia.jpg\" alt=\"\" width=\"172\" height=\"172\" \/><\/a><\/p>\n<h3 style=\"text-align: right;\"><span style=\"color: #9999cc;\"><strong><a href=\"http:\/\/francoiserenaud.com\/vo\/au-dela-du-blanc\/\" target=\"_blank\">FICHE DE PR\u00c9SENTATION<\/a><\/strong><\/span><\/h3>\n<p style=\"text-align: right;\"><a href=\"http:\/\/www.francoiserenaud.com\/bibliographie\/romans-recits\/au-dela-du-blanc-richarme-1904-1991\/\" target=\"_blank\">LE LIVRE<strong><br \/>\n<\/strong><\/a><\/p>\n<p style=\"margin-top: 10px; text-align: right;\"><span style=\"color: #0080ab;\"><strong>cr\u00e9ation au Ch\u00e2teau des \u00c9v\u00eaques \u00e0 Lav\u00e9rune, le 14 novembre 2010 <\/strong><\/span><br \/>\n<span style=\"color: #d2822d;\"><span style=\"color: #000000;\">en cl\u00f4ture de l&rsquo;accrochage Richarme &lsquo;AUTOUR DU BLANC&rsquo; sur le th\u00e8me des neiges au Mus\u00e9e Hofer Bury (du 4 au 14 novembre 2010)<\/span><\/span><\/p>\n<h2 style=\"text-align: left; margin-top: 40px;\"><\/h2>\n<h2 style=\"text-align: left;\"><span style=\"color: #000000;\"><strong>ASSIS SUR LA FALAISE<\/strong><\/span><\/h2>\n<p><a href=\"http:\/\/francoiserenaud.com\/vo\/assis-sur-la-falaise\/\" target=\"_blank\"><img loading=\"lazy\" decoding=\"async\" class=\"alignnone size-full wp-image-3920\" style=\"border: 2px solid black; margin-left: 0.5px; margin-right: 0.5px;\" title=\"duo VOYAGES IMMOBILES - notre r\u00e9pertoire\" src=\"http:\/\/francoiserenaud.com\/vo\/wp-content\/uploads\/2011\/12\/ASLF.jpg\" alt=\"\" width=\"172\" height=\"172\" \/><\/a><\/p>\n<h3 style=\"text-align: right;\"><span style=\"color: #9999cc;\"><strong><a href=\"http:\/\/francoiserenaud.com\/vo\/assis-sur-la-falaise\/\" target=\"_blank\"><strong>FICHE DE PR\u00c9SENTATION<\/strong><\/a><\/strong><\/span><\/h3>\n<p style=\"margin-top: 10px; text-align: right;\"><a href=\"http:\/\/www.francoiserenaud.com\/bibliographie\/romans-recits\/assis-sur-la-falaise\/\" target=\"_blank\">LE LIVRE<\/a><\/p>\n<p style=\"text-align: right;\"><strong><span style=\"color: #0080ab;\">cr\u00e9ation au th\u00e9\u00e2tre de Clermont l&rsquo;H\u00e9rault (34) le 4 mars 2008<\/span><\/strong><br \/>\nmise en sc\u00e8ne : <a href=\"http:\/\/ctoujours.free.fr\/\" target=\"_blank\"><strong>Laurent Dhume<\/strong><\/a><br \/>\ncostumes : <strong>V\u00e9ronique Roug\u00e9<\/strong><\/p>\n<h2 style=\"text-align: left; margin-top: 40px;\"><\/h2>\n<h2><span style=\"color: #000000;\"><strong>EN VOYAGE<\/strong><\/span><\/h2>\n<p><strong><a href=\"http:\/\/francoiserenaud.com\/vo\/en-voyage\/\" target=\"_blank\"><img loading=\"lazy\" decoding=\"async\" class=\"alignnone size-full wp-image-3923\" style=\"border: 2px solid black; margin: 0.5px;\" title=\"duo VOYAGES IMMOBILES - notre r\u00e9pertoire\" src=\"http:\/\/francoiserenaud.com\/vo\/wp-content\/uploads\/2011\/12\/envoyage.jpg\" alt=\"\" width=\"172\" height=\"172\" \/><\/a><br \/>\n<\/strong><\/p>\n<h3 style=\"text-align: right;\"><a href=\"http:\/\/francoiserenaud.com\/vo\/en-voyage\/\" target=\"_blank\"><strong>FICHE DE PR\u00c9SENTATION<\/strong><\/a><\/h3>\n<p style=\"text-align: right;\"><a href=\"http:\/\/www.francoiserenaud.com\/bibliographie\/divers\/collection-petites-proses\/\" target=\"_blank\">LE LIVRE<strong><\/strong><\/a><\/p>\n<p style=\"text-align: right;\"><span style=\"color: #0080ab;\"><strong>cr\u00e9ation \u00e0 la salle P\u00e9trarque \u00e0 Montpellier, le 24 novembre 2007<br \/>\n<span style=\"color: #000000;\">pour la Journ\u00e9e internationale des Droits de l&rsquo;Enfant<br \/>\n(organis\u00e9e par Partage H\u00e9rault)<\/span><\/strong><\/span><\/p>\n<h2 style=\"text-align: left; margin-top: 40px;\"><\/h2>\n<h2><span style=\"color: #000000;\"><strong>MER<\/strong><\/span><\/h2>\n<p><strong><a href=\"http:\/\/francoiserenaud.com\/vo\/notre-repertoire\/mer\/\" target=\"_blank\"><img loading=\"lazy\" decoding=\"async\" class=\"alignnone  wp-image-445\" style=\"border: 2px solid black; margin: 0.5px;\" title=\"duo VOYAGES IMMOBILES - notre r\u00e9pertoire\" src=\"http:\/\/francoiserenaud.com\/vo\/wp-content\/uploads\/2013\/04\/essai11-300x300.jpg\" alt=\"\" width=\"172\" height=\"172\" srcset=\"https:\/\/francoiserenaud.com\/vo\/wp-content\/uploads\/2013\/04\/essai11-300x300.jpg 300w, https:\/\/francoiserenaud.com\/vo\/wp-content\/uploads\/2013\/04\/essai11-150x150.jpg 150w, https:\/\/francoiserenaud.com\/vo\/wp-content\/uploads\/2013\/04\/essai11.jpg 361w\" sizes=\"auto, (max-width: 172px) 100vw, 172px\" \/><\/a><br \/>\n<\/strong><\/p>\n<h3 style=\"text-align: right;\"><a href=\"http:\/\/francoiserenaud.com\/vo\/notre-repertoire\/mer\/\" target=\"_blank\"><strong>FICHE DE PR\u00c9SENTATION<\/strong><\/a><\/h3>\n<p style=\"text-align: right;\"><span style=\"color: #0080ab;\"><strong>cr\u00e9ation \u00e0 la m\u00e9diath\u00e8que Th\u00e9odore Monod \u00e0 Juvignac (34),<br \/>\nle 1er f\u00e9vrier 2013<br \/>\ndans le cadre du mois de la mer<\/strong><\/span><\/p>\n<h2 style=\"text-align: left; margin-top: 40px;\"><\/h2>\n<h2><span style=\"color: #000000;\"> <strong>LA PEAU DE DINGO<\/strong><\/span><\/h2>\n<p><a href=\"http:\/\/francoiserenaud.com\/vo\/la-peau-de-dingo\/\" target=\"_blank\"><img loading=\"lazy\" decoding=\"async\" class=\"alignnone  wp-image-3926\" style=\"border: 2px solid black; margin: 0.5px;\" title=\"duo VOYAGES IMMOBILES - notre r\u00e9pertoire\" src=\"http:\/\/www.francoiserenaud.com\/blog\/wp-content\/uploads\/2010\/12\/guerisseuse_cuivre.jpg\" alt=\"\" width=\"172\" height=\"172\" \/><\/a><\/p>\n<h3 style=\"text-align: right;\"><strong><a href=\"..\/a-propos\/lectures-concerts\/la-peau-de-dingo\/\" target=\"_blank\"><strong>FICHE DE PR\u00c9SENTATION<\/strong><\/a><\/strong><\/h3>\n<p style=\"text-align: right;\"><a href=\"http:\/\/www.francoiserenaud.com\/bibliographie\/ados-jeunesse\/la-peau-de-dingo\/\" target=\"_blank\">LE LIVRE<strong> <\/strong><strong><br \/>\n<\/strong><\/a><\/p>\n<p style=\"text-align: right;\"><strong> <\/strong><span style=\"color: #0080ab;\"><strong>cr\u00e9ation \u00e0 Th\u00e9\u00e2tr&rsquo;elles \u00e0 Montpellier, le 24 novembre 2007<\/strong><\/span><br \/>\navec la collaboration de la harpiste Isabelle Toutain et du com\u00e9dien Laurent Dhume<\/p>\n<p><a href=\"..\/a-propos\/lectures-concerts\/la-peau-de-dingo\/\" target=\"_blank\"><strong><br \/>\n<\/strong><\/a><\/p>\n<h2 style=\"text-align: left; margin-top: 40px;\"><\/h2>\n<h2><span style=\"color: #000000;\"> <strong>LE REGARD DU P\u00c8RE<\/strong><\/span><\/h2>\n<p><span style=\"color: #000000;\"><strong><a href=\"http:\/\/francoiserenaud.com\/vo\/le-regard-du-pere\/\" target=\"_blank\"><img loading=\"lazy\" decoding=\"async\" class=\"alignnone size-full wp-image-3929\" style=\"border: 2px solid black; margin: 0.5px;\" title=\"duo VOYAGES IMMOBILES - notre r\u00e9pertoire\" src=\"http:\/\/francoiserenaud.com\/vo\/wp-content\/uploads\/2011\/12\/RegardDuPere_bleu.jpg\" alt=\"\" width=\"172\" height=\"172\" \/><\/a><br \/>\n<\/strong><\/span><\/p>\n<h3 style=\"text-align: right;\"><span style=\"color: #d2822d;\"><span style=\"color: #000000;\"><a href=\"http:\/\/francoiserenaud.com\/vo\/le-regard-du-pere\/\" target=\"_blank\"><strong>FICHE DE PR\u00c9SENTATION<\/strong><\/a><\/span><\/span><\/h3>\n<p style=\"text-align: right;\"><span style=\"color: #d2822d;\"><span style=\"color: #000000;\"><a href=\"http:\/\/www.francoiserenaud.com\/bibliographie\/romans-recits\/le-regard-du-pere\/\" target=\"_blank\">LE LIVRE<\/a><strong><br \/>\n<\/strong><\/span><\/span><\/p>\n<p style=\"text-align: right;\"><span style=\"color: #0080ab;\"><strong>cr\u00e9ation \u00e0 la galerie <em>Art Passion<\/em> \u00e0 Montpellier, le 7 avril 2006<br \/>\n<span style=\"color: #000000;\">\u00e0 l&rsquo;occasion de la sortie du roman<\/span><br \/>\n<\/strong><\/span><\/p>\n<p style=\"margin-top: 70px; text-align: right;\"><em>UN TEMPS DE RENCONTRE ET D\u2019\u00c9CHANGE AVEC LE PUBLIC EST OFFERT PAR LES ARTISTES A L&rsquo;ISSUE DE CHAQUE LECTURE-CONCERT.<\/em><\/p>\n<p style=\"margin-top: 50px; text-align: right;\"><span style=\"color: #0080ab;\">INFORMATIONS &amp; DEVIS<br \/>\n<strong><a title=\"livremus@free.fr\" href=\"mailto:livremus@free.fr\">livremus<\/a><\/strong>(at)<strong>free.fr<br \/>\nFr\u00e9d\u00e9ric Tari : 06 08 78 89 90<br \/>\nFran\u00e7oise Renaud : 04 67 07 36 35<\/strong><\/span><\/p>\n<h2 style=\"text-align: left; margin-top: 60px;\"><\/h2>\n<h2><span style=\"color: #000000;\"> <strong>L&rsquo;AUTRE VERSANT DU MONDE<\/strong><\/span><\/h2>\n<p><span style=\"color: #0080ab;\"><strong><img loading=\"lazy\" decoding=\"async\" class=\"alignnone size-full wp-image-4523\" style=\"border: 2px solid black; margin: 0.5px;\" title=\"duo VOYAGES IMMOBILES - notre r\u00e9pertoire\" src=\"http:\/\/www.francoiserenaud.com\/blog\/wp-content\/uploads\/2010\/12\/lautreversant1_bleu.jpg\" alt=\"\" width=\"172\" height=\"172\" \/><br \/>\n<\/strong><\/span><\/p>\n<h2><span style=\"color: #0080ab;\"><strong> <\/strong>en cours de cr\u00e9ation<\/span><\/h2>\n","protected":false},"excerpt":{"rendered":"<p>AU-DEL\u00c0 DU BLANC &#8211; Richarme (1904-1991) FICHE DE PR\u00c9SENTATION LE LIVRE cr\u00e9ation au Ch\u00e2teau des \u00c9v\u00eaques \u00e0 Lav\u00e9rune, le 14 novembre 2010 en cl\u00f4ture de l&rsquo;accrochage Richarme &lsquo;AUTOUR DU BLANC&rsquo; sur le th\u00e8me des neiges au Mus\u00e9e Hofer Bury (du 4 au 14 novembre 2010) ASSIS SUR LA FALAISE FICHE DE PR\u00c9SENTATION LE LIVRE cr\u00e9ation [&hellip;]<\/p>\n","protected":false},"author":1,"featured_media":0,"parent":0,"menu_order":0,"comment_status":"closed","ping_status":"open","template":"","meta":{"footnotes":""},"class_list":["post-12","page","type-page","status-publish","hentry"],"_links":{"self":[{"href":"https:\/\/francoiserenaud.com\/vo\/wp-json\/wp\/v2\/pages\/12","targetHints":{"allow":["GET"]}}],"collection":[{"href":"https:\/\/francoiserenaud.com\/vo\/wp-json\/wp\/v2\/pages"}],"about":[{"href":"https:\/\/francoiserenaud.com\/vo\/wp-json\/wp\/v2\/types\/page"}],"author":[{"embeddable":true,"href":"https:\/\/francoiserenaud.com\/vo\/wp-json\/wp\/v2\/users\/1"}],"replies":[{"embeddable":true,"href":"https:\/\/francoiserenaud.com\/vo\/wp-json\/wp\/v2\/comments?post=12"}],"version-history":[{"count":62,"href":"https:\/\/francoiserenaud.com\/vo\/wp-json\/wp\/v2\/pages\/12\/revisions"}],"predecessor-version":[{"id":14,"href":"https:\/\/francoiserenaud.com\/vo\/wp-json\/wp\/v2\/pages\/12\/revisions\/14"}],"wp:attachment":[{"href":"https:\/\/francoiserenaud.com\/vo\/wp-json\/wp\/v2\/media?parent=12"}],"curies":[{"name":"wp","href":"https:\/\/api.w.org\/{rel}","templated":true}]}}