{"id":10,"date":"2011-12-14T10:56:22","date_gmt":"2011-12-14T09:56:22","guid":{"rendered":"http:\/\/francoiserenaud.com\/vo\/?page_id=10"},"modified":"2018-05-12T11:32:24","modified_gmt":"2018-05-12T09:32:24","slug":"notre-duo","status":"publish","type":"page","link":"https:\/\/francoiserenaud.com\/vo\/","title":{"rendered":"notre duo"},"content":{"rendered":"<p><strong><img loading=\"lazy\" decoding=\"async\" style=\"border: 2px solid black; margin: 0.5px;\" title=\"VOYAGES IMMOBILES- notre duo\" src=\"http:\/\/francoiserenaud.com\/vo\/wp-content\/uploads\/2011\/12\/Photo_FR+FR_retouchee.jpg\" alt=\"\" width=\"503\" height=\"341\" \/><\/strong><\/p>\n<h1>\u00a0fran\u00e7oise renaud &amp; fr\u00e9d\u00e9ric tari<\/h1>\n<p style=\"margin-top: 30px; padding-left: 60px; text-align: right;\"><em>Cr\u00e9dit Photo : Pierre Neuv\u00e9glise<\/em><\/p>\n<p style=\"margin-top: 30px; padding-left: 60px;\"><strong><em>IDENTIT\u00c9 <\/em>: cr\u00e9ateurs<br \/>\n<em>NATURE <\/em><\/strong> <strong>: \u00e9crivain et compositeur<br \/>\n<em>EXPRESSION<\/em><\/strong><strong> : voix et violon<br \/>\n<em>SUJET<\/em><\/strong><strong> : l&rsquo;aventure humaine<br \/>\n<em>SIGNE PARTICULIER<\/em> <\/strong><strong>: \u00e9motion<\/strong><br \/>\n<strong><em>VOCATION <\/em>: partage<\/strong><\/p>\n<p style=\"margin-top: 30px;\"><span style=\"color: #d2822d;\"><strong>\u00ab\u00a0On dit, on joue tels que nous sommes, nos histoires sont des voyages, elles se d\u00e9tachent contre le ciel bleu.<br \/>\nOn viendra chez vous pour les partager.\u00a0\u00bb<\/strong><\/span><\/p>\n<p style=\"margin-top: 30px;\"><strong><br \/>\n<\/strong><\/p>\n<p style=\"margin-top: 30px; text-align: right;\"><strong>RENCONTRES &#8211; ATELIERS &#8211; LECTURES CONCERTS <\/strong><\/p>\n<p>Peu importe l&rsquo;espace, la nature de notre duo et des \u0153uvres interpr\u00e9t\u00e9es r\u00e9clame une vraie proximit\u00e9. Des \u00e9motions surviennent, se partagent. Des liens humains se tissent. Comme un suppl\u00e9ment d&rsquo;\u00e2me.<br \/>\nNos spectacles ont \u00e9t\u00e9 cr\u00e9\u00e9s dans des espaces comme La Chapelle ou Th\u00e9\u00e2tr&rsquo;Elles \u00e0 Montpellier, des th\u00e9\u00e2tres comme celui de Clermont l&rsquo;H\u00e9rault ou autres sc\u00e8nes fran\u00e7aises. Notre autonomie technique nous permet de les adapter en tout lieu (auditoriums, salles polyvalentes, m\u00e9diath\u00e8ques, biblioth\u00e8ques, galeries d&rsquo;art&#8230;).<\/p>\n<p>&nbsp;<\/p>\n<p style=\"text-align: center;\"><strong><img loading=\"lazy\" decoding=\"async\" class=\"alignnone\" style=\"border: 2px solid black; margin: 0.5px;\" title=\"VOYAGES IMMOBILES - notre duo\" src=\"http:\/\/francoiserenaud.com\/vo\/wp-content\/uploads\/2011\/12\/repertoire1.jpg\" alt=\"\" width=\"207\" height=\"207\" \/><\/strong><\/p>\n<p style=\"margin-top: 50px; text-align: right;\"><span style=\"color: #0080ab;\">INFORMATIONS &amp; DEVIS<\/span><br \/>\n<a href=\"mailto:fr@francoiserenaud.com\"><strong>contact<\/strong><\/a><span style=\"color: #0080ab;\"><strong><br \/>\nFr\u00e9d\u00e9ric Tari : 06 08 78 89 90<br \/>\nFran\u00e7oise Renaud : 09 84 39 64 26<\/strong><\/span><\/p>\n","protected":false},"excerpt":{"rendered":"<p>\u00a0fran\u00e7oise renaud &amp; fr\u00e9d\u00e9ric tari Cr\u00e9dit Photo : Pierre Neuv\u00e9glise IDENTIT\u00c9 : cr\u00e9ateurs NATURE : \u00e9crivain et compositeur EXPRESSION : voix et violon SUJET : l&rsquo;aventure humaine SIGNE PARTICULIER : \u00e9motion VOCATION : partage \u00ab\u00a0On dit, on joue tels que nous sommes, nos histoires sont des voyages, elles se d\u00e9tachent contre le ciel bleu. On [&hellip;]<\/p>\n","protected":false},"author":1,"featured_media":0,"parent":0,"menu_order":0,"comment_status":"closed","ping_status":"open","template":"","meta":{"footnotes":""},"class_list":["post-10","page","type-page","status-publish","hentry"],"_links":{"self":[{"href":"https:\/\/francoiserenaud.com\/vo\/wp-json\/wp\/v2\/pages\/10","targetHints":{"allow":["GET"]}}],"collection":[{"href":"https:\/\/francoiserenaud.com\/vo\/wp-json\/wp\/v2\/pages"}],"about":[{"href":"https:\/\/francoiserenaud.com\/vo\/wp-json\/wp\/v2\/types\/page"}],"author":[{"embeddable":true,"href":"https:\/\/francoiserenaud.com\/vo\/wp-json\/wp\/v2\/users\/1"}],"replies":[{"embeddable":true,"href":"https:\/\/francoiserenaud.com\/vo\/wp-json\/wp\/v2\/comments?post=10"}],"version-history":[{"count":23,"href":"https:\/\/francoiserenaud.com\/vo\/wp-json\/wp\/v2\/pages\/10\/revisions"}],"predecessor-version":[{"id":709,"href":"https:\/\/francoiserenaud.com\/vo\/wp-json\/wp\/v2\/pages\/10\/revisions\/709"}],"wp:attachment":[{"href":"https:\/\/francoiserenaud.com\/vo\/wp-json\/wp\/v2\/media?parent=10"}],"curies":[{"name":"wp","href":"https:\/\/api.w.org\/{rel}","templated":true}]}}