{"id":59,"date":"2015-02-12T14:13:55","date_gmt":"2015-02-12T14:13:55","guid":{"rendered":"http:\/\/francoiserenaud.com\/terrainfragile\/?page_id=59"},"modified":"2026-03-02T10:46:29","modified_gmt":"2026-03-02T09:46:29","slug":"mentions-legales","status":"publish","type":"page","link":"https:\/\/francoiserenaud.com\/terrainfragile\/mentions-legales\/","title":{"rendered":"mentions l\u00e9gales &#038; contact"},"content":{"rendered":"\n<p class=\"has-text-align-center\"><\/p>\n\n\n\n<p style=\"font-size:clamp(14px, 0.875rem + ((1vw - 3.2px) * 0.531), 20px);\">J&rsquo;ai cr\u00e9\u00e9 <em><strong>Terrain Fragile<\/strong><\/em> en juillet 2010 pour y accueillir mes textes au gr\u00e9 des jours. Aussi des images \u2014 presque toujours les miennes. Ce blog a \u00e9t\u00e9 remani\u00e9 dans sa forme en f\u00e9vrier 2015, puis en octobre 2023.<\/p>\n\n\n\n<p style=\"font-size:clamp(14px, 0.875rem + ((1vw - 3.2px) * 0.531), 20px);\">Les textes et les photographies pr\u00e9sents sur ce site, et dont je suis l\u2019auteur, sont prot\u00e9g\u00e9s par le droit d\u2019auteur. Veuillez me contacter pour tous types d\u2019utilisations<em>.<\/em> <em><strong>\u00a9&nbsp;<\/strong>Fran\u00e7oise Renaud.<\/em><\/p>\n\n\n\n<p class=\"has-text-align-left\" style=\"font-size:clamp(15.747px, 0.984rem + ((1vw - 3.2px) * 0.73), 24px);\">Pour me contacter, <a href=\"https:\/\/www.francoiserenaud.com\/contact\/\" target=\"_blank\" rel=\"noreferrer noopener\"><strong>c&rsquo;est ici<\/strong><\/a> ou laisser un commentaire juste apr\u00e8s.<\/p>\n\n\n\n<p class=\"has-text-align-center has-large-font-size\">num\u00e9ro d&rsquo;ISSN <strong>2402-7359<\/strong><\/p>\n","protected":false},"excerpt":{"rendered":"<p>J&rsquo;ai cr\u00e9\u00e9 Terrain Fragile en juillet 2010 pour y accueillir mes textes au gr\u00e9 des jours. Aussi des images \u2014 presque toujours les miennes. Ce blog a \u00e9t\u00e9 remani\u00e9 dans sa forme en f\u00e9vrier 2015, puis en octobre 2023. Les textes et les photographies pr\u00e9sents sur ce site, et dont je suis l\u2019auteur, sont prot\u00e9g\u00e9s &hellip; <\/p>\n<p class=\"link-more\"><a href=\"https:\/\/francoiserenaud.com\/terrainfragile\/mentions-legales\/\" class=\"more-link\">Lire la suite de<span class=\"screen-reader-text\">\u00ab\u00a0mentions l\u00e9gales &#038; contact\u00a0\u00bb<\/span><\/a><\/p>\n","protected":false},"author":1,"featured_media":4575,"parent":0,"menu_order":0,"comment_status":"open","ping_status":"open","template":"","meta":{"inspiro_hide_title":false,"footnotes":""},"class_list":["post-59","page","type-page","status-publish","has-post-thumbnail","hentry"],"_links":{"self":[{"href":"https:\/\/francoiserenaud.com\/terrainfragile\/wp-json\/wp\/v2\/pages\/59","targetHints":{"allow":["GET"]}}],"collection":[{"href":"https:\/\/francoiserenaud.com\/terrainfragile\/wp-json\/wp\/v2\/pages"}],"about":[{"href":"https:\/\/francoiserenaud.com\/terrainfragile\/wp-json\/wp\/v2\/types\/page"}],"author":[{"embeddable":true,"href":"https:\/\/francoiserenaud.com\/terrainfragile\/wp-json\/wp\/v2\/users\/1"}],"replies":[{"embeddable":true,"href":"https:\/\/francoiserenaud.com\/terrainfragile\/wp-json\/wp\/v2\/comments?post=59"}],"version-history":[{"count":22,"href":"https:\/\/francoiserenaud.com\/terrainfragile\/wp-json\/wp\/v2\/pages\/59\/revisions"}],"predecessor-version":[{"id":6963,"href":"https:\/\/francoiserenaud.com\/terrainfragile\/wp-json\/wp\/v2\/pages\/59\/revisions\/6963"}],"wp:featuredmedia":[{"embeddable":true,"href":"https:\/\/francoiserenaud.com\/terrainfragile\/wp-json\/wp\/v2\/media\/4575"}],"wp:attachment":[{"href":"https:\/\/francoiserenaud.com\/terrainfragile\/wp-json\/wp\/v2\/media?parent=59"}],"curies":[{"name":"wp","href":"https:\/\/api.w.org\/{rel}","templated":true}]}}