{"id":4585,"date":"2023-11-15T09:17:07","date_gmt":"2023-11-15T08:17:07","guid":{"rendered":"https:\/\/francoiserenaud.com\/terrainfragile\/?page_id=4585"},"modified":"2023-12-12T09:59:25","modified_gmt":"2023-12-12T08:59:25","slug":"les-arbres-du-domaine","status":"publish","type":"page","link":"https:\/\/francoiserenaud.com\/terrainfragile\/les-arbres-du-domaine\/","title":{"rendered":"les arbres du domaine"},"content":{"rendered":"\n<p class=\"has-medium-font-size\"><em>Helena m&rsquo;a dit combien elle aimait mes arbres. J&rsquo;ai fouill\u00e9 et rassembl\u00e9 ici quelques images pour elle&#8230; v\u00e9g\u00e9tation en mouvement perp\u00e9tuel, de la nudit\u00e9 au vert printemps au dense au feuillu au dansant au roux au nu<\/em>&#8230;<\/p>\n\n\n\n<p class=\"has-text-align-center has-small-font-size\"><em>(cliquer sur n&rsquo;importe quelle image pour activer la galerie)<\/em><\/p>\n\n\n\n<div style=\"height:30px\" aria-hidden=\"true\" class=\"wp-block-spacer\"><\/div>\n\n\n\n<figure class=\"wp-block-gallery has-nested-images columns-default is-cropped wp-block-gallery-1 is-layout-flex wp-block-gallery-is-layout-flex\">\n<figure class=\"wp-block-image size-large is-style-default\"><a href=\"https:\/\/francoiserenaud.com\/terrainfragile\/wp-content\/uploads\/2023\/11\/P1180592-scaled.jpg\" rel=\"lightbox-0\"><img loading=\"lazy\" decoding=\"async\" width=\"824\" height=\"463\" data-id=\"4575\" src=\"https:\/\/francoiserenaud.com\/terrainfragile\/wp-content\/uploads\/2023\/11\/P1180592-824x463.jpg\" alt=\"\" class=\"wp-image-4575\" srcset=\"https:\/\/francoiserenaud.com\/terrainfragile\/wp-content\/uploads\/2023\/11\/P1180592-824x463.jpg 824w, https:\/\/francoiserenaud.com\/terrainfragile\/wp-content\/uploads\/2023\/11\/P1180592-300x169.jpg 300w, https:\/\/francoiserenaud.com\/terrainfragile\/wp-content\/uploads\/2023\/11\/P1180592-768x432.jpg 768w, https:\/\/francoiserenaud.com\/terrainfragile\/wp-content\/uploads\/2023\/11\/P1180592-1536x863.jpg 1536w, https:\/\/francoiserenaud.com\/terrainfragile\/wp-content\/uploads\/2023\/11\/P1180592-2048x1151.jpg 2048w, https:\/\/francoiserenaud.com\/terrainfragile\/wp-content\/uploads\/2023\/11\/P1180592-2000x1124.jpg 2000w\" sizes=\"auto, (max-width: 824px) 100vw, 824px\" \/><\/a><\/figure>\n\n\n\n<figure class=\"wp-block-image size-large is-style-default\"><a href=\"https:\/\/francoiserenaud.com\/terrainfragile\/wp-content\/uploads\/2023\/11\/P1190234-scaled.jpg\" rel=\"lightbox-1\"><img loading=\"lazy\" decoding=\"async\" width=\"824\" height=\"463\" data-id=\"4555\" src=\"https:\/\/francoiserenaud.com\/terrainfragile\/wp-content\/uploads\/2023\/11\/P1190234-824x463.jpg\" alt=\"\" class=\"wp-image-4555\" srcset=\"https:\/\/francoiserenaud.com\/terrainfragile\/wp-content\/uploads\/2023\/11\/P1190234-824x463.jpg 824w, https:\/\/francoiserenaud.com\/terrainfragile\/wp-content\/uploads\/2023\/11\/P1190234-300x169.jpg 300w, https:\/\/francoiserenaud.com\/terrainfragile\/wp-content\/uploads\/2023\/11\/P1190234-768x432.jpg 768w, https:\/\/francoiserenaud.com\/terrainfragile\/wp-content\/uploads\/2023\/11\/P1190234-1536x863.jpg 1536w, https:\/\/francoiserenaud.com\/terrainfragile\/wp-content\/uploads\/2023\/11\/P1190234-2048x1151.jpg 2048w, https:\/\/francoiserenaud.com\/terrainfragile\/wp-content\/uploads\/2023\/11\/P1190234-2000x1124.jpg 2000w\" sizes=\"auto, (max-width: 824px) 100vw, 824px\" \/><\/a><\/figure>\n\n\n\n<figure class=\"wp-block-image size-large is-style-default\"><a href=\"https:\/\/francoiserenaud.com\/terrainfragile\/wp-content\/uploads\/2023\/11\/P1180585-scaled.jpg\" rel=\"lightbox-2\"><img loading=\"lazy\" decoding=\"async\" width=\"824\" height=\"463\" data-id=\"4571\" src=\"https:\/\/francoiserenaud.com\/terrainfragile\/wp-content\/uploads\/2023\/11\/P1180585-824x463.jpg\" alt=\"\" class=\"wp-image-4571\" srcset=\"https:\/\/francoiserenaud.com\/terrainfragile\/wp-content\/uploads\/2023\/11\/P1180585-824x463.jpg 824w, https:\/\/francoiserenaud.com\/terrainfragile\/wp-content\/uploads\/2023\/11\/P1180585-300x169.jpg 300w, https:\/\/francoiserenaud.com\/terrainfragile\/wp-content\/uploads\/2023\/11\/P1180585-768x432.jpg 768w, https:\/\/francoiserenaud.com\/terrainfragile\/wp-content\/uploads\/2023\/11\/P1180585-1536x863.jpg 1536w, https:\/\/francoiserenaud.com\/terrainfragile\/wp-content\/uploads\/2023\/11\/P1180585-2048x1151.jpg 2048w, https:\/\/francoiserenaud.com\/terrainfragile\/wp-content\/uploads\/2023\/11\/P1180585-2000x1124.jpg 2000w\" sizes=\"auto, (max-width: 824px) 100vw, 824px\" \/><\/a><\/figure>\n\n\n\n<figure class=\"wp-block-image size-large is-style-default\"><a href=\"https:\/\/francoiserenaud.com\/terrainfragile\/wp-content\/uploads\/2023\/11\/P1180180-1-scaled.jpg\" rel=\"lightbox-3\"><img loading=\"lazy\" decoding=\"async\" width=\"463\" height=\"824\" data-id=\"4566\" src=\"https:\/\/francoiserenaud.com\/terrainfragile\/wp-content\/uploads\/2023\/11\/P1180180-1-463x824.jpg\" alt=\"\" class=\"wp-image-4566\" srcset=\"https:\/\/francoiserenaud.com\/terrainfragile\/wp-content\/uploads\/2023\/11\/P1180180-1-463x824.jpg 463w, https:\/\/francoiserenaud.com\/terrainfragile\/wp-content\/uploads\/2023\/11\/P1180180-1-169x300.jpg 169w, https:\/\/francoiserenaud.com\/terrainfragile\/wp-content\/uploads\/2023\/11\/P1180180-1-768x1367.jpg 768w, https:\/\/francoiserenaud.com\/terrainfragile\/wp-content\/uploads\/2023\/11\/P1180180-1-863x1536.jpg 863w, https:\/\/francoiserenaud.com\/terrainfragile\/wp-content\/uploads\/2023\/11\/P1180180-1-1151x2048.jpg 1151w, https:\/\/francoiserenaud.com\/terrainfragile\/wp-content\/uploads\/2023\/11\/P1180180-1-2000x3559.jpg 2000w, https:\/\/francoiserenaud.com\/terrainfragile\/wp-content\/uploads\/2023\/11\/P1180180-1-scaled.jpg 1439w\" sizes=\"auto, (max-width: 463px) 100vw, 463px\" \/><\/a><\/figure>\n\n\n\n<figure class=\"wp-block-image size-large is-style-default\"><a href=\"https:\/\/francoiserenaud.com\/terrainfragile\/wp-content\/uploads\/2023\/11\/P1180182_carre.jpg\" rel=\"lightbox-4\"><img loading=\"lazy\" decoding=\"async\" width=\"824\" height=\"824\" data-id=\"4567\" src=\"https:\/\/francoiserenaud.com\/terrainfragile\/wp-content\/uploads\/2023\/11\/P1180182_carre-824x824.jpg\" alt=\"\" class=\"wp-image-4567\" srcset=\"https:\/\/francoiserenaud.com\/terrainfragile\/wp-content\/uploads\/2023\/11\/P1180182_carre-824x824.jpg 824w, https:\/\/francoiserenaud.com\/terrainfragile\/wp-content\/uploads\/2023\/11\/P1180182_carre-300x300.jpg 300w, https:\/\/francoiserenaud.com\/terrainfragile\/wp-content\/uploads\/2023\/11\/P1180182_carre-150x150.jpg 150w, https:\/\/francoiserenaud.com\/terrainfragile\/wp-content\/uploads\/2023\/11\/P1180182_carre-768x767.jpg 768w, https:\/\/francoiserenaud.com\/terrainfragile\/wp-content\/uploads\/2023\/11\/P1180182_carre-1536x1536.jpg 1536w, https:\/\/francoiserenaud.com\/terrainfragile\/wp-content\/uploads\/2023\/11\/P1180182_carre-2048x2046.jpg 2048w, https:\/\/francoiserenaud.com\/terrainfragile\/wp-content\/uploads\/2023\/11\/P1180182_carre-2000x1998.jpg 2000w\" sizes=\"auto, (max-width: 824px) 100vw, 824px\" \/><\/a><\/figure>\n\n\n\n<figure class=\"wp-block-image size-large is-style-default\"><a href=\"https:\/\/francoiserenaud.com\/terrainfragile\/wp-content\/uploads\/2023\/11\/P1170816-scaled.jpg\" rel=\"lightbox-5\"><img loading=\"lazy\" decoding=\"async\" width=\"463\" height=\"824\" data-id=\"4563\" src=\"https:\/\/francoiserenaud.com\/terrainfragile\/wp-content\/uploads\/2023\/11\/P1170816-463x824.jpg\" alt=\"\" class=\"wp-image-4563\" srcset=\"https:\/\/francoiserenaud.com\/terrainfragile\/wp-content\/uploads\/2023\/11\/P1170816-463x824.jpg 463w, https:\/\/francoiserenaud.com\/terrainfragile\/wp-content\/uploads\/2023\/11\/P1170816-169x300.jpg 169w, https:\/\/francoiserenaud.com\/terrainfragile\/wp-content\/uploads\/2023\/11\/P1170816-768x1367.jpg 768w, https:\/\/francoiserenaud.com\/terrainfragile\/wp-content\/uploads\/2023\/11\/P1170816-863x1536.jpg 863w, https:\/\/francoiserenaud.com\/terrainfragile\/wp-content\/uploads\/2023\/11\/P1170816-1151x2048.jpg 1151w, https:\/\/francoiserenaud.com\/terrainfragile\/wp-content\/uploads\/2023\/11\/P1170816-2000x3559.jpg 2000w, https:\/\/francoiserenaud.com\/terrainfragile\/wp-content\/uploads\/2023\/11\/P1170816-scaled.jpg 1439w\" sizes=\"auto, (max-width: 463px) 100vw, 463px\" \/><\/a><\/figure>\n\n\n\n<figure class=\"wp-block-image size-large is-style-default\"><a href=\"https:\/\/francoiserenaud.com\/terrainfragile\/wp-content\/uploads\/2023\/11\/P1170713-scaled.jpg\" rel=\"lightbox-6\"><img loading=\"lazy\" decoding=\"async\" width=\"824\" height=\"463\" data-id=\"4561\" src=\"https:\/\/francoiserenaud.com\/terrainfragile\/wp-content\/uploads\/2023\/11\/P1170713-824x463.jpg\" alt=\"\" class=\"wp-image-4561\" srcset=\"https:\/\/francoiserenaud.com\/terrainfragile\/wp-content\/uploads\/2023\/11\/P1170713-824x463.jpg 824w, https:\/\/francoiserenaud.com\/terrainfragile\/wp-content\/uploads\/2023\/11\/P1170713-300x169.jpg 300w, https:\/\/francoiserenaud.com\/terrainfragile\/wp-content\/uploads\/2023\/11\/P1170713-768x432.jpg 768w, https:\/\/francoiserenaud.com\/terrainfragile\/wp-content\/uploads\/2023\/11\/P1170713-1536x863.jpg 1536w, https:\/\/francoiserenaud.com\/terrainfragile\/wp-content\/uploads\/2023\/11\/P1170713-2048x1151.jpg 2048w, https:\/\/francoiserenaud.com\/terrainfragile\/wp-content\/uploads\/2023\/11\/P1170713-2000x1124.jpg 2000w\" sizes=\"auto, (max-width: 824px) 100vw, 824px\" \/><\/a><\/figure>\n\n\n\n<figure class=\"wp-block-image size-large is-style-default\"><a href=\"https:\/\/francoiserenaud.com\/terrainfragile\/wp-content\/uploads\/2023\/11\/P1170718-scaled.jpg\" rel=\"lightbox-7\"><img loading=\"lazy\" decoding=\"async\" width=\"824\" height=\"463\" data-id=\"4558\" src=\"https:\/\/francoiserenaud.com\/terrainfragile\/wp-content\/uploads\/2023\/11\/P1170718-824x463.jpg\" alt=\"\" class=\"wp-image-4558\" srcset=\"https:\/\/francoiserenaud.com\/terrainfragile\/wp-content\/uploads\/2023\/11\/P1170718-824x463.jpg 824w, https:\/\/francoiserenaud.com\/terrainfragile\/wp-content\/uploads\/2023\/11\/P1170718-300x169.jpg 300w, https:\/\/francoiserenaud.com\/terrainfragile\/wp-content\/uploads\/2023\/11\/P1170718-768x432.jpg 768w, https:\/\/francoiserenaud.com\/terrainfragile\/wp-content\/uploads\/2023\/11\/P1170718-1536x863.jpg 1536w, https:\/\/francoiserenaud.com\/terrainfragile\/wp-content\/uploads\/2023\/11\/P1170718-2048x1151.jpg 2048w, https:\/\/francoiserenaud.com\/terrainfragile\/wp-content\/uploads\/2023\/11\/P1170718-2000x1124.jpg 2000w\" sizes=\"auto, (max-width: 824px) 100vw, 824px\" \/><\/a><\/figure>\n\n\n\n<figure class=\"wp-block-image size-large is-style-default\"><a href=\"https:\/\/francoiserenaud.com\/terrainfragile\/wp-content\/uploads\/2023\/11\/P1170708-scaled.jpg\" rel=\"lightbox-8\"><img loading=\"lazy\" decoding=\"async\" width=\"824\" height=\"463\" data-id=\"4557\" src=\"https:\/\/francoiserenaud.com\/terrainfragile\/wp-content\/uploads\/2023\/11\/P1170708-824x463.jpg\" alt=\"\" class=\"wp-image-4557\" srcset=\"https:\/\/francoiserenaud.com\/terrainfragile\/wp-content\/uploads\/2023\/11\/P1170708-824x463.jpg 824w, https:\/\/francoiserenaud.com\/terrainfragile\/wp-content\/uploads\/2023\/11\/P1170708-300x169.jpg 300w, https:\/\/francoiserenaud.com\/terrainfragile\/wp-content\/uploads\/2023\/11\/P1170708-768x432.jpg 768w, https:\/\/francoiserenaud.com\/terrainfragile\/wp-content\/uploads\/2023\/11\/P1170708-1536x863.jpg 1536w, https:\/\/francoiserenaud.com\/terrainfragile\/wp-content\/uploads\/2023\/11\/P1170708-2048x1151.jpg 2048w, https:\/\/francoiserenaud.com\/terrainfragile\/wp-content\/uploads\/2023\/11\/P1170708-2000x1124.jpg 2000w\" sizes=\"auto, (max-width: 824px) 100vw, 824px\" \/><\/a><\/figure>\n\n\n\n<figure class=\"wp-block-image size-large is-style-default\"><a href=\"https:\/\/francoiserenaud.com\/terrainfragile\/wp-content\/uploads\/2023\/11\/P1170673-scaled.jpg\" rel=\"lightbox-9\"><img loading=\"lazy\" decoding=\"async\" width=\"824\" height=\"463\" data-id=\"4559\" src=\"https:\/\/francoiserenaud.com\/terrainfragile\/wp-content\/uploads\/2023\/11\/P1170673-824x463.jpg\" alt=\"\" class=\"wp-image-4559\" srcset=\"https:\/\/francoiserenaud.com\/terrainfragile\/wp-content\/uploads\/2023\/11\/P1170673-824x463.jpg 824w, https:\/\/francoiserenaud.com\/terrainfragile\/wp-content\/uploads\/2023\/11\/P1170673-300x169.jpg 300w, https:\/\/francoiserenaud.com\/terrainfragile\/wp-content\/uploads\/2023\/11\/P1170673-768x432.jpg 768w, https:\/\/francoiserenaud.com\/terrainfragile\/wp-content\/uploads\/2023\/11\/P1170673-1536x863.jpg 1536w, https:\/\/francoiserenaud.com\/terrainfragile\/wp-content\/uploads\/2023\/11\/P1170673-2048x1151.jpg 2048w, https:\/\/francoiserenaud.com\/terrainfragile\/wp-content\/uploads\/2023\/11\/P1170673-2000x1124.jpg 2000w\" sizes=\"auto, (max-width: 824px) 100vw, 824px\" \/><\/a><\/figure>\n\n\n\n<figure class=\"wp-block-image size-large is-style-default\"><a href=\"https:\/\/francoiserenaud.com\/terrainfragile\/wp-content\/uploads\/2023\/11\/P1170960-scaled.jpg\" rel=\"lightbox-10\"><img loading=\"lazy\" decoding=\"async\" width=\"824\" height=\"463\" data-id=\"4562\" src=\"https:\/\/francoiserenaud.com\/terrainfragile\/wp-content\/uploads\/2023\/11\/P1170960-824x463.jpg\" alt=\"\" class=\"wp-image-4562\" srcset=\"https:\/\/francoiserenaud.com\/terrainfragile\/wp-content\/uploads\/2023\/11\/P1170960-824x463.jpg 824w, https:\/\/francoiserenaud.com\/terrainfragile\/wp-content\/uploads\/2023\/11\/P1170960-300x169.jpg 300w, https:\/\/francoiserenaud.com\/terrainfragile\/wp-content\/uploads\/2023\/11\/P1170960-768x432.jpg 768w, https:\/\/francoiserenaud.com\/terrainfragile\/wp-content\/uploads\/2023\/11\/P1170960-1536x863.jpg 1536w, https:\/\/francoiserenaud.com\/terrainfragile\/wp-content\/uploads\/2023\/11\/P1170960-2048x1151.jpg 2048w, https:\/\/francoiserenaud.com\/terrainfragile\/wp-content\/uploads\/2023\/11\/P1170960-2000x1124.jpg 2000w\" sizes=\"auto, (max-width: 824px) 100vw, 824px\" \/><\/a><\/figure>\n\n\n\n<figure class=\"wp-block-image size-large is-style-default\"><a href=\"https:\/\/francoiserenaud.com\/terrainfragile\/wp-content\/uploads\/2023\/11\/P1170671-scaled.jpg\" rel=\"lightbox-11\"><img loading=\"lazy\" decoding=\"async\" width=\"824\" height=\"463\" data-id=\"4560\" src=\"https:\/\/francoiserenaud.com\/terrainfragile\/wp-content\/uploads\/2023\/11\/P1170671-824x463.jpg\" alt=\"\" class=\"wp-image-4560\" srcset=\"https:\/\/francoiserenaud.com\/terrainfragile\/wp-content\/uploads\/2023\/11\/P1170671-824x463.jpg 824w, https:\/\/francoiserenaud.com\/terrainfragile\/wp-content\/uploads\/2023\/11\/P1170671-300x169.jpg 300w, https:\/\/francoiserenaud.com\/terrainfragile\/wp-content\/uploads\/2023\/11\/P1170671-768x432.jpg 768w, https:\/\/francoiserenaud.com\/terrainfragile\/wp-content\/uploads\/2023\/11\/P1170671-1536x863.jpg 1536w, https:\/\/francoiserenaud.com\/terrainfragile\/wp-content\/uploads\/2023\/11\/P1170671-2048x1151.jpg 2048w, https:\/\/francoiserenaud.com\/terrainfragile\/wp-content\/uploads\/2023\/11\/P1170671-2000x1124.jpg 2000w\" sizes=\"auto, (max-width: 824px) 100vw, 824px\" \/><\/a><\/figure>\n\n\n\n<figure class=\"wp-block-image size-large is-style-default\"><img loading=\"lazy\" decoding=\"async\" width=\"824\" height=\"463\" data-id=\"4603\" src=\"https:\/\/francoiserenaud.com\/terrainfragile\/wp-content\/uploads\/2023\/11\/P1170916-824x463.jpg\" alt=\"\" class=\"wp-image-4603\" srcset=\"https:\/\/francoiserenaud.com\/terrainfragile\/wp-content\/uploads\/2023\/11\/P1170916-824x463.jpg 824w, https:\/\/francoiserenaud.com\/terrainfragile\/wp-content\/uploads\/2023\/11\/P1170916-300x169.jpg 300w, https:\/\/francoiserenaud.com\/terrainfragile\/wp-content\/uploads\/2023\/11\/P1170916-768x432.jpg 768w, https:\/\/francoiserenaud.com\/terrainfragile\/wp-content\/uploads\/2023\/11\/P1170916-1536x863.jpg 1536w, https:\/\/francoiserenaud.com\/terrainfragile\/wp-content\/uploads\/2023\/11\/P1170916-2048x1151.jpg 2048w, https:\/\/francoiserenaud.com\/terrainfragile\/wp-content\/uploads\/2023\/11\/P1170916-2000x1124.jpg 2000w\" sizes=\"auto, (max-width: 824px) 100vw, 824px\" \/><\/figure>\n\n\n\n<figure class=\"wp-block-image size-large is-style-default\"><img loading=\"lazy\" decoding=\"async\" width=\"824\" height=\"463\" data-id=\"4604\" src=\"https:\/\/francoiserenaud.com\/terrainfragile\/wp-content\/uploads\/2023\/11\/P1170858-824x463.jpg\" alt=\"\" class=\"wp-image-4604\" srcset=\"https:\/\/francoiserenaud.com\/terrainfragile\/wp-content\/uploads\/2023\/11\/P1170858-824x463.jpg 824w, https:\/\/francoiserenaud.com\/terrainfragile\/wp-content\/uploads\/2023\/11\/P1170858-300x169.jpg 300w, https:\/\/francoiserenaud.com\/terrainfragile\/wp-content\/uploads\/2023\/11\/P1170858-768x432.jpg 768w, https:\/\/francoiserenaud.com\/terrainfragile\/wp-content\/uploads\/2023\/11\/P1170858-1536x863.jpg 1536w, https:\/\/francoiserenaud.com\/terrainfragile\/wp-content\/uploads\/2023\/11\/P1170858-2048x1151.jpg 2048w, https:\/\/francoiserenaud.com\/terrainfragile\/wp-content\/uploads\/2023\/11\/P1170858-2000x1124.jpg 2000w\" sizes=\"auto, (max-width: 824px) 100vw, 824px\" \/><\/figure>\n\n\n\n<figure class=\"wp-block-image size-large is-style-default\"><img loading=\"lazy\" decoding=\"async\" width=\"824\" height=\"463\" data-id=\"4605\" src=\"https:\/\/francoiserenaud.com\/terrainfragile\/wp-content\/uploads\/2023\/11\/P1170861-824x463.jpg\" alt=\"\" class=\"wp-image-4605\" srcset=\"https:\/\/francoiserenaud.com\/terrainfragile\/wp-content\/uploads\/2023\/11\/P1170861-824x463.jpg 824w, https:\/\/francoiserenaud.com\/terrainfragile\/wp-content\/uploads\/2023\/11\/P1170861-300x169.jpg 300w, https:\/\/francoiserenaud.com\/terrainfragile\/wp-content\/uploads\/2023\/11\/P1170861-768x432.jpg 768w, https:\/\/francoiserenaud.com\/terrainfragile\/wp-content\/uploads\/2023\/11\/P1170861-1536x863.jpg 1536w, https:\/\/francoiserenaud.com\/terrainfragile\/wp-content\/uploads\/2023\/11\/P1170861-2048x1151.jpg 2048w, https:\/\/francoiserenaud.com\/terrainfragile\/wp-content\/uploads\/2023\/11\/P1170861-2000x1124.jpg 2000w\" sizes=\"auto, (max-width: 824px) 100vw, 824px\" \/><\/figure>\n\n\n\n<figure class=\"wp-block-image size-large is-style-default\"><a href=\"https:\/\/francoiserenaud.com\/terrainfragile\/wp-content\/uploads\/2023\/11\/P1170997-scaled.jpg\" rel=\"lightbox-12\"><img loading=\"lazy\" decoding=\"async\" width=\"824\" height=\"463\" data-id=\"4564\" src=\"https:\/\/francoiserenaud.com\/terrainfragile\/wp-content\/uploads\/2023\/11\/P1170997-824x463.jpg\" alt=\"\" class=\"wp-image-4564\" srcset=\"https:\/\/francoiserenaud.com\/terrainfragile\/wp-content\/uploads\/2023\/11\/P1170997-824x463.jpg 824w, https:\/\/francoiserenaud.com\/terrainfragile\/wp-content\/uploads\/2023\/11\/P1170997-300x169.jpg 300w, https:\/\/francoiserenaud.com\/terrainfragile\/wp-content\/uploads\/2023\/11\/P1170997-768x432.jpg 768w, https:\/\/francoiserenaud.com\/terrainfragile\/wp-content\/uploads\/2023\/11\/P1170997-1536x863.jpg 1536w, https:\/\/francoiserenaud.com\/terrainfragile\/wp-content\/uploads\/2023\/11\/P1170997-2048x1151.jpg 2048w, https:\/\/francoiserenaud.com\/terrainfragile\/wp-content\/uploads\/2023\/11\/P1170997-2000x1124.jpg 2000w\" sizes=\"auto, (max-width: 824px) 100vw, 824px\" \/><\/a><\/figure>\n\n\n\n<figure class=\"wp-block-image size-large is-style-default\"><a href=\"https:\/\/francoiserenaud.com\/terrainfragile\/wp-content\/uploads\/2023\/11\/P1170695-scaled.jpg\" rel=\"lightbox-13\"><img loading=\"lazy\" decoding=\"async\" width=\"824\" height=\"463\" data-id=\"4556\" src=\"https:\/\/francoiserenaud.com\/terrainfragile\/wp-content\/uploads\/2023\/11\/P1170695-824x463.jpg\" alt=\"\" class=\"wp-image-4556\" srcset=\"https:\/\/francoiserenaud.com\/terrainfragile\/wp-content\/uploads\/2023\/11\/P1170695-824x463.jpg 824w, https:\/\/francoiserenaud.com\/terrainfragile\/wp-content\/uploads\/2023\/11\/P1170695-300x169.jpg 300w, https:\/\/francoiserenaud.com\/terrainfragile\/wp-content\/uploads\/2023\/11\/P1170695-768x432.jpg 768w, https:\/\/francoiserenaud.com\/terrainfragile\/wp-content\/uploads\/2023\/11\/P1170695-1536x863.jpg 1536w, https:\/\/francoiserenaud.com\/terrainfragile\/wp-content\/uploads\/2023\/11\/P1170695-2048x1151.jpg 2048w, https:\/\/francoiserenaud.com\/terrainfragile\/wp-content\/uploads\/2023\/11\/P1170695-2000x1124.jpg 2000w\" sizes=\"auto, (max-width: 824px) 100vw, 824px\" \/><\/a><\/figure>\n\n\n\n<figure class=\"wp-block-image size-large is-style-default\"><img loading=\"lazy\" decoding=\"async\" width=\"824\" height=\"463\" data-id=\"4606\" src=\"https:\/\/francoiserenaud.com\/terrainfragile\/wp-content\/uploads\/2023\/11\/P1170903-824x463.jpg\" alt=\"\" class=\"wp-image-4606\" srcset=\"https:\/\/francoiserenaud.com\/terrainfragile\/wp-content\/uploads\/2023\/11\/P1170903-824x463.jpg 824w, https:\/\/francoiserenaud.com\/terrainfragile\/wp-content\/uploads\/2023\/11\/P1170903-300x169.jpg 300w, https:\/\/francoiserenaud.com\/terrainfragile\/wp-content\/uploads\/2023\/11\/P1170903-768x432.jpg 768w, https:\/\/francoiserenaud.com\/terrainfragile\/wp-content\/uploads\/2023\/11\/P1170903-1536x863.jpg 1536w, https:\/\/francoiserenaud.com\/terrainfragile\/wp-content\/uploads\/2023\/11\/P1170903-2048x1151.jpg 2048w, https:\/\/francoiserenaud.com\/terrainfragile\/wp-content\/uploads\/2023\/11\/P1170903-2000x1124.jpg 2000w\" sizes=\"auto, (max-width: 824px) 100vw, 824px\" \/><\/figure>\n\n\n\n<figure class=\"wp-block-image size-large is-style-default\"><a href=\"https:\/\/francoiserenaud.com\/terrainfragile\/wp-content\/uploads\/2023\/11\/P1190233-scaled.jpg\" rel=\"lightbox-14\"><img loading=\"lazy\" decoding=\"async\" width=\"463\" height=\"824\" data-id=\"4554\" src=\"https:\/\/francoiserenaud.com\/terrainfragile\/wp-content\/uploads\/2023\/11\/P1190233-463x824.jpg\" alt=\"\" class=\"wp-image-4554\" srcset=\"https:\/\/francoiserenaud.com\/terrainfragile\/wp-content\/uploads\/2023\/11\/P1190233-463x824.jpg 463w, https:\/\/francoiserenaud.com\/terrainfragile\/wp-content\/uploads\/2023\/11\/P1190233-169x300.jpg 169w, https:\/\/francoiserenaud.com\/terrainfragile\/wp-content\/uploads\/2023\/11\/P1190233-768x1367.jpg 768w, https:\/\/francoiserenaud.com\/terrainfragile\/wp-content\/uploads\/2023\/11\/P1190233-863x1536.jpg 863w, https:\/\/francoiserenaud.com\/terrainfragile\/wp-content\/uploads\/2023\/11\/P1190233-1151x2048.jpg 1151w, https:\/\/francoiserenaud.com\/terrainfragile\/wp-content\/uploads\/2023\/11\/P1190233-2000x3559.jpg 2000w, https:\/\/francoiserenaud.com\/terrainfragile\/wp-content\/uploads\/2023\/11\/P1190233-scaled.jpg 1439w\" sizes=\"auto, (max-width: 463px) 100vw, 463px\" \/><\/a><\/figure>\n\n\n\n<figure class=\"wp-block-image size-large is-style-default\"><a href=\"https:\/\/francoiserenaud.com\/terrainfragile\/wp-content\/uploads\/2023\/11\/P1190233_NB-scaled.jpg\" rel=\"lightbox-15\"><img loading=\"lazy\" decoding=\"async\" width=\"463\" height=\"824\" data-id=\"4546\" src=\"https:\/\/francoiserenaud.com\/terrainfragile\/wp-content\/uploads\/2023\/11\/P1190233_NB-463x824.jpg\" alt=\"\" class=\"wp-image-4546\" srcset=\"https:\/\/francoiserenaud.com\/terrainfragile\/wp-content\/uploads\/2023\/11\/P1190233_NB-463x824.jpg 463w, https:\/\/francoiserenaud.com\/terrainfragile\/wp-content\/uploads\/2023\/11\/P1190233_NB-169x300.jpg 169w, https:\/\/francoiserenaud.com\/terrainfragile\/wp-content\/uploads\/2023\/11\/P1190233_NB-768x1367.jpg 768w, https:\/\/francoiserenaud.com\/terrainfragile\/wp-content\/uploads\/2023\/11\/P1190233_NB-863x1536.jpg 863w, https:\/\/francoiserenaud.com\/terrainfragile\/wp-content\/uploads\/2023\/11\/P1190233_NB-1151x2048.jpg 1151w, https:\/\/francoiserenaud.com\/terrainfragile\/wp-content\/uploads\/2023\/11\/P1190233_NB-2000x3559.jpg 2000w, https:\/\/francoiserenaud.com\/terrainfragile\/wp-content\/uploads\/2023\/11\/P1190233_NB-scaled.jpg 1439w\" sizes=\"auto, (max-width: 463px) 100vw, 463px\" \/><\/a><\/figure>\n<\/figure>\n","protected":false},"excerpt":{"rendered":"<p>Helena m&rsquo;a dit combien elle aimait mes arbres. J&rsquo;ai fouill\u00e9 et rassembl\u00e9 ici quelques images pour elle&#8230; v\u00e9g\u00e9tation en mouvement perp\u00e9tuel, de la nudit\u00e9 au vert printemps au dense au feuillu au dansant au roux au nu&#8230; (cliquer sur n&rsquo;importe quelle image pour activer la galerie)<\/p>\n","protected":false},"author":1,"featured_media":4575,"parent":0,"menu_order":0,"comment_status":"closed","ping_status":"closed","template":"","meta":{"inspiro_hide_title":false,"footnotes":""},"class_list":["post-4585","page","type-page","status-publish","has-post-thumbnail","hentry"],"_links":{"self":[{"href":"https:\/\/francoiserenaud.com\/terrainfragile\/wp-json\/wp\/v2\/pages\/4585","targetHints":{"allow":["GET"]}}],"collection":[{"href":"https:\/\/francoiserenaud.com\/terrainfragile\/wp-json\/wp\/v2\/pages"}],"about":[{"href":"https:\/\/francoiserenaud.com\/terrainfragile\/wp-json\/wp\/v2\/types\/page"}],"author":[{"embeddable":true,"href":"https:\/\/francoiserenaud.com\/terrainfragile\/wp-json\/wp\/v2\/users\/1"}],"replies":[{"embeddable":true,"href":"https:\/\/francoiserenaud.com\/terrainfragile\/wp-json\/wp\/v2\/comments?post=4585"}],"version-history":[{"count":9,"href":"https:\/\/francoiserenaud.com\/terrainfragile\/wp-json\/wp\/v2\/pages\/4585\/revisions"}],"predecessor-version":[{"id":4824,"href":"https:\/\/francoiserenaud.com\/terrainfragile\/wp-json\/wp\/v2\/pages\/4585\/revisions\/4824"}],"wp:featuredmedia":[{"embeddable":true,"href":"https:\/\/francoiserenaud.com\/terrainfragile\/wp-json\/wp\/v2\/media\/4575"}],"wp:attachment":[{"href":"https:\/\/francoiserenaud.com\/terrainfragile\/wp-json\/wp\/v2\/media?parent=4585"}],"curies":[{"name":"wp","href":"https:\/\/api.w.org\/{rel}","templated":true}]}}