{"id":143,"date":"2016-11-05T11:40:05","date_gmt":"2016-11-05T11:40:05","guid":{"rendered":"http:\/\/francoiserenaud.com\/terrainfragile\/?page_id=143"},"modified":"2023-11-15T10:14:11","modified_gmt":"2023-11-15T09:14:11","slug":"photographies","status":"publish","type":"page","link":"https:\/\/francoiserenaud.com\/terrainfragile\/photographies\/","title":{"rendered":"photographie"},"content":{"rendered":"\n<p class=\"has-medium-font-size\">J&rsquo;exp\u00e9rimente l&rsquo;image avec simplicit\u00e9. Je n&rsquo;ai rien \u00e9tudi\u00e9 de la technique photographique. Je regarde le monde en marchant au hasard. Quand&nbsp;tout para\u00eet suspendu, je cadre comme je vois, comme je sens \u2014  il s&rsquo;agit bien d&rsquo;une sensation physique \u2014 et j&rsquo;appuie sur le d\u00e9clic.<br \/>C&rsquo;est comme \u00e9crire : lumi\u00e8re, composition, \u00e9quilibre. Il n&rsquo;y a rien \u00e0 inventer, juste retenir ce qui arrive, faire jusqu&rsquo;\u00e0 \u00e9puiser sc\u00e8nes et paysages.<\/p>\n\n\n\n<p class=\"has-medium-font-size\">L&rsquo;image dans le cadre contient toujours de la beaut\u00e9, c&rsquo;est juste la fa\u00e7on de poser le regard qui compte. Tout est l\u00e0, d\u00e9j\u00e0, dans l&rsquo;instant.<\/p>\n\n\n\n<p class=\"has-medium-font-size\">(\u00e0 noter que les fleurs ou les l\u00e9gumes sont les miens. Je les s\u00e8me, les cultive, les suis dans leur croissance. Les paysages aussi sont les miens, ceux de mon enfance ou de mon pr\u00e9sent. Je me contente de ce qui passe \u00e0 ma port\u00e9e. Tant \u00e0 faire&#8230;)<\/p>\n\n\n\n<figure class=\"wp-block-image aligncenter size-medium is-style-default\"><img loading=\"lazy\" decoding=\"async\" width=\"300\" height=\"225\" src=\"https:\/\/francoiserenaud.com\/terrainfragile\/wp-content\/uploads\/2016\/11\/DSCF3015-300x225.jpg\" alt=\"dscf3015\" class=\"wp-image-801\" srcset=\"https:\/\/francoiserenaud.com\/terrainfragile\/wp-content\/uploads\/2016\/11\/DSCF3015-300x225.jpg 300w, https:\/\/francoiserenaud.com\/terrainfragile\/wp-content\/uploads\/2016\/11\/DSCF3015-768x576.jpg 768w, https:\/\/francoiserenaud.com\/terrainfragile\/wp-content\/uploads\/2016\/11\/DSCF3015-1024x768.jpg 1024w, https:\/\/francoiserenaud.com\/terrainfragile\/wp-content\/uploads\/2016\/11\/DSCF3015-1200x900.jpg 1200w, https:\/\/francoiserenaud.com\/terrainfragile\/wp-content\/uploads\/2016\/11\/DSCF3015.jpg 2048w\" sizes=\"auto, (max-width: 300px) 100vw, 300px\" \/><\/figure>\n\n\n\n<figure class=\"wp-block-image aligncenter size-medium is-style-default\"><img loading=\"lazy\" decoding=\"async\" width=\"300\" height=\"225\" src=\"https:\/\/francoiserenaud.com\/terrainfragile\/wp-content\/uploads\/2016\/11\/P1020051-300x225.jpg\" alt=\"p1020051\" class=\"wp-image-742\" srcset=\"https:\/\/francoiserenaud.com\/terrainfragile\/wp-content\/uploads\/2016\/11\/P1020051-300x225.jpg 300w, https:\/\/francoiserenaud.com\/terrainfragile\/wp-content\/uploads\/2016\/11\/P1020051-768x576.jpg 768w, https:\/\/francoiserenaud.com\/terrainfragile\/wp-content\/uploads\/2016\/11\/P1020051-1024x768.jpg 1024w, https:\/\/francoiserenaud.com\/terrainfragile\/wp-content\/uploads\/2016\/11\/P1020051-1200x900.jpg 1200w, https:\/\/francoiserenaud.com\/terrainfragile\/wp-content\/uploads\/2016\/11\/P1020051-2000x1500.jpg 2000w, https:\/\/francoiserenaud.com\/terrainfragile\/wp-content\/uploads\/2016\/11\/P1020051.jpg 2048w\" sizes=\"auto, (max-width: 300px) 100vw, 300px\" \/><\/figure>\n\n\n\n<figure class=\"wp-block-image aligncenter size-medium is-style-default\"><a href=\"http:\/\/francoiserenaud.com\/terrainfragile\/murs\/\"><img loading=\"lazy\" decoding=\"async\" width=\"300\" height=\"225\" src=\"https:\/\/francoiserenaud.com\/terrainfragile\/wp-content\/uploads\/2016\/02\/mur2pans-300x225.jpg\" alt=\"mur2pans\" class=\"wp-image-772\" srcset=\"https:\/\/francoiserenaud.com\/terrainfragile\/wp-content\/uploads\/2016\/02\/mur2pans-300x225.jpg 300w, https:\/\/francoiserenaud.com\/terrainfragile\/wp-content\/uploads\/2016\/02\/mur2pans-768x576.jpg 768w, https:\/\/francoiserenaud.com\/terrainfragile\/wp-content\/uploads\/2016\/02\/mur2pans-1024x768.jpg 1024w, https:\/\/francoiserenaud.com\/terrainfragile\/wp-content\/uploads\/2016\/02\/mur2pans-1200x900.jpg 1200w, https:\/\/francoiserenaud.com\/terrainfragile\/wp-content\/uploads\/2016\/02\/mur2pans.jpg 2048w\" sizes=\"auto, (max-width: 300px) 100vw, 300px\" \/><\/a><\/figure>\n\n\n\n<figure class=\"wp-block-image aligncenter size-medium is-style-default\"><a href=\"http:\/\/francoiserenaud.com\/terrainfragile\/blancheur-de-la-neige\/\"><img loading=\"lazy\" decoding=\"async\" width=\"300\" height=\"225\" src=\"https:\/\/francoiserenaud.com\/terrainfragile\/wp-content\/uploads\/2018\/03\/P1010113-300x225.jpg\" alt=\"\" class=\"wp-image-1411\" srcset=\"https:\/\/francoiserenaud.com\/terrainfragile\/wp-content\/uploads\/2018\/03\/P1010113-300x225.jpg 300w, https:\/\/francoiserenaud.com\/terrainfragile\/wp-content\/uploads\/2018\/03\/P1010113-768x576.jpg 768w, https:\/\/francoiserenaud.com\/terrainfragile\/wp-content\/uploads\/2018\/03\/P1010113-1024x768.jpg 1024w, https:\/\/francoiserenaud.com\/terrainfragile\/wp-content\/uploads\/2018\/03\/P1010113-1200x900.jpg 1200w, https:\/\/francoiserenaud.com\/terrainfragile\/wp-content\/uploads\/2018\/03\/P1010113.jpg 2048w\" sizes=\"auto, (max-width: 300px) 100vw, 300px\" \/><\/a><\/figure>\n\n\n\n<figure class=\"wp-block-image aligncenter size-medium is-style-default\"><a href=\"https:\/\/francoiserenaud.com\/terrainfragile\/automne-montagne\/\"><img loading=\"lazy\" decoding=\"async\" width=\"300\" height=\"300\" src=\"https:\/\/francoiserenaud.com\/terrainfragile\/wp-content\/uploads\/2018\/10\/montagne2-300x300.jpg\" alt=\"\" class=\"wp-image-1777\" srcset=\"https:\/\/francoiserenaud.com\/terrainfragile\/wp-content\/uploads\/2018\/10\/montagne2-300x300.jpg 300w, https:\/\/francoiserenaud.com\/terrainfragile\/wp-content\/uploads\/2018\/10\/montagne2-150x150.jpg 150w, https:\/\/francoiserenaud.com\/terrainfragile\/wp-content\/uploads\/2018\/10\/montagne2-768x770.jpg 768w, https:\/\/francoiserenaud.com\/terrainfragile\/wp-content\/uploads\/2018\/10\/montagne2-1022x1024.jpg 1022w, https:\/\/francoiserenaud.com\/terrainfragile\/wp-content\/uploads\/2018\/10\/montagne2-1200x1202.jpg 1200w, https:\/\/francoiserenaud.com\/terrainfragile\/wp-content\/uploads\/2018\/10\/montagne2-2000x2004.jpg 2000w, https:\/\/francoiserenaud.com\/terrainfragile\/wp-content\/uploads\/2018\/10\/montagne2.jpg 2044w\" sizes=\"auto, (max-width: 300px) 100vw, 300px\" \/><\/a><\/figure>\n\n\n\n<p class=\"has-text-align-center\"><a href=\"http:\/\/francoiserenaud.com\/terrainfragile\/wp-content\/uploads\/2016\/02\/vall\u00e9esmur2.jpg\" rel=\"lightbox-0\">&nbsp;<\/a>&nbsp;&nbsp; <a href=\"http:\/\/francoiserenaud.com\/terrainfragile\/fleur\/\"> <\/a><\/p>\n\n\n\n<p class=\"has-text-align-center\"><span style=\"color: #0f7a5c;\"><strong><em><span style=\"font-size: 17px;\">On acc\u00e8de aux galeries en cliquant sur les images ci-dessus.<br \/>\n<\/span><\/em><\/strong><\/span><\/p>\n\n\n\n<p class=\"has-text-align-center\"><em>Photographies : \u00a9Fran\u00e7oise Renaud, tous droits r\u00e9serv\u00e9s<\/em><\/p>\n","protected":false},"excerpt":{"rendered":"<p>J&rsquo;exp\u00e9rimente l&rsquo;image avec simplicit\u00e9. Je n&rsquo;ai rien \u00e9tudi\u00e9 de la technique photographique. Je regarde le monde en marchant au hasard. Quand&nbsp;tout para\u00eet suspendu, je cadre comme je vois, comme je sens \u2014 il s&rsquo;agit bien d&rsquo;une sensation physique \u2014 et j&rsquo;appuie sur le d\u00e9clic.C&rsquo;est comme \u00e9crire : lumi\u00e8re, composition, \u00e9quilibre. Il n&rsquo;y a rien \u00e0 &hellip; <\/p>\n<p class=\"link-more\"><a href=\"https:\/\/francoiserenaud.com\/terrainfragile\/photographies\/\" class=\"more-link\">Lire la suite de<span class=\"screen-reader-text\">\u00ab\u00a0photographie\u00a0\u00bb<\/span><\/a><\/p>\n","protected":false},"author":1,"featured_media":0,"parent":0,"menu_order":0,"comment_status":"closed","ping_status":"open","template":"","meta":{"inspiro_hide_title":false,"footnotes":""},"class_list":["post-143","page","type-page","status-publish","hentry"],"_links":{"self":[{"href":"https:\/\/francoiserenaud.com\/terrainfragile\/wp-json\/wp\/v2\/pages\/143","targetHints":{"allow":["GET"]}}],"collection":[{"href":"https:\/\/francoiserenaud.com\/terrainfragile\/wp-json\/wp\/v2\/pages"}],"about":[{"href":"https:\/\/francoiserenaud.com\/terrainfragile\/wp-json\/wp\/v2\/types\/page"}],"author":[{"embeddable":true,"href":"https:\/\/francoiserenaud.com\/terrainfragile\/wp-json\/wp\/v2\/users\/1"}],"replies":[{"embeddable":true,"href":"https:\/\/francoiserenaud.com\/terrainfragile\/wp-json\/wp\/v2\/comments?post=143"}],"version-history":[{"count":33,"href":"https:\/\/francoiserenaud.com\/terrainfragile\/wp-json\/wp\/v2\/pages\/143\/revisions"}],"predecessor-version":[{"id":4599,"href":"https:\/\/francoiserenaud.com\/terrainfragile\/wp-json\/wp\/v2\/pages\/143\/revisions\/4599"}],"wp:attachment":[{"href":"https:\/\/francoiserenaud.com\/terrainfragile\/wp-json\/wp\/v2\/media?parent=143"}],"curies":[{"name":"wp","href":"https:\/\/api.w.org\/{rel}","templated":true}]}}